{"id":27,"date":"2015-03-03T19:09:54","date_gmt":"2015-03-03T22:09:54","guid":{"rendered":"http:\/\/www.inf.ufes.br\/~todsantos\/?page_id=27"},"modified":"2019-04-02T16:23:46","modified_gmt":"2019-04-02T19:23:46","slug":"contato","status":"publish","type":"page","link":"https:\/\/www.inf.ufes.br\/~todsantos\/contato","title":{"rendered":"Contato"},"content":{"rendered":"<p><strong>Endere\u00e7o:<\/strong><\/p>\n<p>Departamento de Inform\u00e1tica &#8211; Centro Tecnol\u00f3gico &#8211; UFES<br \/>\nCampus Universit\u00e1rio de Goiabeiras, Pr\u00e9dio : CT-VII, Sala 28<br \/>\nAv. Fernando Ferrari, S\/N, 29060-970 &#8211; Vit\u00f3ria &#8211; ES, Brasil<\/p>\n<p><strong>Tel.:<\/strong><\/p>\n<p>+55 (27) 4009-2131<\/p>\n<p><strong>Email:<\/strong><\/p>\n<p>todsantos at inf dot ufes dot br<\/p>\n<p><a href=\"http:\/\/www.inf.ufes.br\/~todsantos\/wp-content\/uploads\/2015\/03\/imagemEmail11.jpg\"><img loading=\"lazy\" decoding=\"async\" class=\"alignnone size-medium wp-image-46\" src=\"http:\/\/www.inf.ufes.br\/~todsantos\/wp-content\/uploads\/2015\/03\/imagemEmail11-300x58.jpg\" alt=\"imagemEmail1\" width=\"300\" height=\"58\" srcset=\"https:\/\/www.inf.ufes.br\/~todsantos\/wp-content\/uploads\/2015\/03\/imagemEmail11-300x58.jpg 300w, https:\/\/www.inf.ufes.br\/~todsantos\/wp-content\/uploads\/2015\/03\/imagemEmail11.jpg 460w\" sizes=\"auto, (max-width: 300px) 100vw, 300px\" \/><\/a><\/p>\n<p>&nbsp;<\/p>\n","protected":false},"excerpt":{"rendered":"<p>Endere\u00e7o: Departamento de Inform\u00e1tica &#8211; Centro Tecnol\u00f3gico &#8211; UFES Campus Universit\u00e1rio de Goiabeiras, Pr\u00e9dio : CT-VII, Sala 28 Av. Fernando Ferrari, S\/N, 29060-970 &#8211; Vit\u00f3ria &#8211; ES, Brasil Tel.: +55 (27) 4009-2131 Email: todsantos at inf dot ufes dot br &hellip; <a href=\"https:\/\/www.inf.ufes.br\/~todsantos\/contato\">Continue reading <span class=\"meta-nav\">&rarr;<\/span><\/a><\/p>\n","protected":false},"author":5,"featured_media":0,"parent":0,"menu_order":5,"comment_status":"closed","ping_status":"closed","template":"","meta":{"footnotes":""},"class_list":["post-27","page","type-page","status-publish","hentry"],"_links":{"self":[{"href":"https:\/\/www.inf.ufes.br\/~todsantos\/wp-json\/wp\/v2\/pages\/27","targetHints":{"allow":["GET"]}}],"collection":[{"href":"https:\/\/www.inf.ufes.br\/~todsantos\/wp-json\/wp\/v2\/pages"}],"about":[{"href":"https:\/\/www.inf.ufes.br\/~todsantos\/wp-json\/wp\/v2\/types\/page"}],"author":[{"embeddable":true,"href":"https:\/\/www.inf.ufes.br\/~todsantos\/wp-json\/wp\/v2\/users\/5"}],"replies":[{"embeddable":true,"href":"https:\/\/www.inf.ufes.br\/~todsantos\/wp-json\/wp\/v2\/comments?post=27"}],"version-history":[{"count":7,"href":"https:\/\/www.inf.ufes.br\/~todsantos\/wp-json\/wp\/v2\/pages\/27\/revisions"}],"predecessor-version":[{"id":129,"href":"https:\/\/www.inf.ufes.br\/~todsantos\/wp-json\/wp\/v2\/pages\/27\/revisions\/129"}],"wp:attachment":[{"href":"https:\/\/www.inf.ufes.br\/~todsantos\/wp-json\/wp\/v2\/media?parent=27"}],"curies":[{"name":"wp","href":"https:\/\/api.w.org\/{rel}","templated":true}]}}