{"id":25,"date":"2015-03-03T19:07:48","date_gmt":"2015-03-03T22:07:48","guid":{"rendered":"http:\/\/www.inf.ufes.br\/~todsantos\/?page_id=25"},"modified":"2015-03-16T17:31:33","modified_gmt":"2015-03-16T20:31:33","slug":"pesquisa","status":"publish","type":"page","link":"https:\/\/www.inf.ufes.br\/~todsantos\/pesquisa","title":{"rendered":"Pesquisa"},"content":{"rendered":"<p>Meus temas de interesse englobam, mas n\u00e3o se restringem a:<\/p>\n<ul>\n<li>Vis\u00e3o computacional<\/li>\n<li>Intelig\u00eancia computacional<\/li>\n<li>Reconstrucao 3D<\/li>\n<li>Processamento de images<\/li>\n<li>Realidade aumentada<\/li>\n<li>Analise de imagens medicas<\/li>\n<li>Cirurgia guiada por computador<\/li>\n<\/ul>\n","protected":false},"excerpt":{"rendered":"<p>Meus temas de interesse englobam, mas n\u00e3o se restringem a: Vis\u00e3o computacional Intelig\u00eancia computacional Reconstrucao 3D Processamento de images Realidade aumentada Analise de imagens medicas Cirurgia guiada por computador<\/p>\n","protected":false},"author":5,"featured_media":0,"parent":0,"menu_order":2,"comment_status":"closed","ping_status":"closed","template":"","meta":{"footnotes":""},"class_list":["post-25","page","type-page","status-publish","hentry"],"_links":{"self":[{"href":"https:\/\/www.inf.ufes.br\/~todsantos\/wp-json\/wp\/v2\/pages\/25","targetHints":{"allow":["GET"]}}],"collection":[{"href":"https:\/\/www.inf.ufes.br\/~todsantos\/wp-json\/wp\/v2\/pages"}],"about":[{"href":"https:\/\/www.inf.ufes.br\/~todsantos\/wp-json\/wp\/v2\/types\/page"}],"author":[{"embeddable":true,"href":"https:\/\/www.inf.ufes.br\/~todsantos\/wp-json\/wp\/v2\/users\/5"}],"replies":[{"embeddable":true,"href":"https:\/\/www.inf.ufes.br\/~todsantos\/wp-json\/wp\/v2\/comments?post=25"}],"version-history":[{"count":3,"href":"https:\/\/www.inf.ufes.br\/~todsantos\/wp-json\/wp\/v2\/pages\/25\/revisions"}],"predecessor-version":[{"id":32,"href":"https:\/\/www.inf.ufes.br\/~todsantos\/wp-json\/wp\/v2\/pages\/25\/revisions\/32"}],"wp:attachment":[{"href":"https:\/\/www.inf.ufes.br\/~todsantos\/wp-json\/wp\/v2\/media?parent=25"}],"curies":[{"name":"wp","href":"https:\/\/api.w.org\/{rel}","templated":true}]}}