{"id":2,"date":"2014-02-27T20:24:46","date_gmt":"2014-02-27T20:24:46","guid":{"rendered":"http:\/\/www.inf.ufes.br\/~todsantos\/?page_id=2"},"modified":"2016-02-27T17:47:01","modified_gmt":"2016-02-27T20:47:01","slug":"home-2","status":"publish","type":"page","link":"https:\/\/www.inf.ufes.br\/~todsantos\/home-2","title":{"rendered":"Home"},"content":{"rendered":"<p><strong>Forma\u00e7\u00e3o Acad\u00eamica<\/strong><\/p>\n<ul>\n<li>Graduado em Engenharia de Computa\u00e7\u00e3o pela Universidade Federal do Esp\u00edrito Santo (2004);<\/li>\n<li>Mestre em Inform\u00e1tica pela Universidade Federal do Esp\u00edrito Santo (2006);<\/li>\n<li><span style=\"line-height: 1.5;\">PhD em Engenharia Biom\u00e9dica pela Universidade de Berna, Su\u00ed\u00e7a\u00a0(2011), reoconhecido por equivalencia pelo programa Doutorado em Ci\u00eancia da Computa\u00e7\u00e3o da Universidade Federal de Uberlandia;<\/span><\/li>\n<\/ul>\n<p><strong>Profiss\u00e3o<\/strong><\/p>\n<ul>\n<li>Professor Adjunto da Universidade Federal do Esp\u00edrito Santo.<\/li>\n<\/ul>\n","protected":false},"excerpt":{"rendered":"<p>Forma\u00e7\u00e3o Acad\u00eamica Graduado em Engenharia de Computa\u00e7\u00e3o pela Universidade Federal do Esp\u00edrito Santo (2004); Mestre em Inform\u00e1tica pela Universidade Federal do Esp\u00edrito Santo (2006); PhD em Engenharia Biom\u00e9dica pela Universidade de Berna, Su\u00ed\u00e7a\u00a0(2011), reoconhecido por equivalencia pelo programa Doutorado em &hellip; <a href=\"https:\/\/www.inf.ufes.br\/~todsantos\/home-2\">Continue reading <span class=\"meta-nav\">&rarr;<\/span><\/a><\/p>\n","protected":false},"author":1,"featured_media":0,"parent":0,"menu_order":0,"comment_status":"closed","ping_status":"closed","template":"","meta":{"footnotes":""},"class_list":["post-2","page","type-page","status-publish","hentry"],"_links":{"self":[{"href":"https:\/\/www.inf.ufes.br\/~todsantos\/wp-json\/wp\/v2\/pages\/2","targetHints":{"allow":["GET"]}}],"collection":[{"href":"https:\/\/www.inf.ufes.br\/~todsantos\/wp-json\/wp\/v2\/pages"}],"about":[{"href":"https:\/\/www.inf.ufes.br\/~todsantos\/wp-json\/wp\/v2\/types\/page"}],"author":[{"embeddable":true,"href":"https:\/\/www.inf.ufes.br\/~todsantos\/wp-json\/wp\/v2\/users\/1"}],"replies":[{"embeddable":true,"href":"https:\/\/www.inf.ufes.br\/~todsantos\/wp-json\/wp\/v2\/comments?post=2"}],"version-history":[{"count":7,"href":"https:\/\/www.inf.ufes.br\/~todsantos\/wp-json\/wp\/v2\/pages\/2\/revisions"}],"predecessor-version":[{"id":92,"href":"https:\/\/www.inf.ufes.br\/~todsantos\/wp-json\/wp\/v2\/pages\/2\/revisions\/92"}],"wp:attachment":[{"href":"https:\/\/www.inf.ufes.br\/~todsantos\/wp-json\/wp\/v2\/media?parent=2"}],"curies":[{"name":"wp","href":"https:\/\/api.w.org\/{rel}","templated":true}]}}