{"id":7971,"date":"2019-07-23T18:07:16","date_gmt":"2019-07-23T21:07:16","guid":{"rendered":"http:\/\/www.inf.ufes.br\/~jssalamon\/?page_id=7971"},"modified":"2019-11-26T09:59:13","modified_gmt":"2019-11-26T12:59:13","slug":"projeto-de-sistemas-de-software","status":"publish","type":"page","link":"https:\/\/www.inf.ufes.br\/~jssalamon\/index.php\/ensino\/projeto-de-sistemas-de-software\/","title":{"rendered":"Projeto de Sistemas de Software"},"content":{"rendered":"\n<p><\/p>\n\n\n<h3>Programa da Disciplina<\/h3>\n<p><a href=\"http:\/\/www.inf.ufes.br\/~jssalamon\/wp-content\/uploads\/disciplinas\/projsistsoft\/Projeto_Sistemas_Programa_2019-2.pdf\">Programa Detalhado da Disciplina<\/a><\/p>\n<p><a href=\"http:\/\/www.inf.ufes.br\/~jssalamon\/wp-content\/uploads\/disciplinas\/projsistsoft\/CRONOGRAMA%20DA%20DISCIPLINA.pdf\">Cronograma Detalhado da Disciplina<\/a><\/p>\n<p><span style=\"font-size: 14pt;\"><strong>Datas Importantes<\/strong><\/span><\/p>\n<table style=\"height: 168px;\">\n<tbody>\n<tr style=\"height: 24px;\">\n<td style=\"width: 166px; height: 24px;\">30\/09\/2019<\/td>\n<td style=\"width: 394px; height: 24px;\">Entrega da Primeira Parte do Trabalho<\/td>\n<\/tr>\n<tr style=\"height: 24px;\">\n<td style=\"width: 166px; height: 24px;\">04\/11\/2019<\/td>\n<td style=\"width: 394px; height: 24px;\">Entrega da Segunda Parte do Trabalho<\/td>\n<\/tr>\n<tr style=\"height: 24px;\">\n<td style=\"width: 166px; height: 24px;\">05\/12\/2019<\/td>\n<td style=\"width: 394px; height: 24px;\">Entrega da Terceira Parte do Trabalho<\/td>\n<\/tr>\n<tr style=\"height: 24px;\">\n<td style=\"width: 166px; height: 24px;\">03\/12\/2019<\/td>\n<td style=\"width: 394px; height: 24px;\">Prova<\/td>\n<\/tr>\n<\/tbody>\n<\/table>\n<h3><span style=\"font-size: 14pt;\">Material<\/span><\/h3>\n<ul>\n<li><a href=\"http:\/\/www.inf.ufes.br\/~jssalamon\/wp-content\/uploads\/disciplinas\/projsistsoft\/Notas_Aula_Projeto_Sistemas_2018.pdf\">Notas de Aula do Prof. Ricardo Falbo<\/a><\/li>\n<\/ul>\n<h4><span style=\"font-size: 14pt;\">Aulas<\/span><\/h4>\n<ul>\n<li><a href=\"http:\/\/www.inf.ufes.br\/~jssalamon\/wp-content\/uploads\/disciplinas\/projsistsoft\/slides\/Slide%201%20-%20Apresenta%C3%A7%C3%A3o.pdf\">Apresenta\u00e7\u00e3o<\/a><\/li>\n<li><a href=\"http:\/\/www.inf.ufes.br\/~jssalamon\/wp-content\/uploads\/disciplinas\/projsistsoft\/slides\/Slide%202%20-%20Introdu%C3%A7%C3%A3o.pdf\">Introdu\u00e7\u00e3o<\/a><\/li>\n<li><a href=\"http:\/\/www.inf.ufes.br\/~jssalamon\/wp-content\/uploads\/disciplinas\/projsistsoft\/slides\/Slide%203%20-%20Requisitos%20e%20o%20Projeto%20de%20Software.pdf\">Requisitos e o Projeto de Software<\/a><\/li>\n<li><a href=\"http:\/\/www.inf.ufes.br\/~jssalamon\/wp-content\/uploads\/disciplinas\/projsistsoft\/slides\/Slide%204%20-%20Arquitetura%20de%20Software.pdf\">Arquitetura de Software<\/a><\/li>\n<li><a href=\"http:\/\/www.inf.ufes.br\/~jssalamon\/wp-content\/uploads\/disciplinas\/projsistsoft\/slides\/Slide%205%20-%20Projeto%20da%20L%C3%B3gica%20de%20Neg%C3%B3cio.pdf\">Projeto da L\u00f3gica de Neg\u00f3cio<\/a><\/li>\n<li><a href=\"http:\/\/www.inf.ufes.br\/~jssalamon\/wp-content\/uploads\/disciplinas\/projsistsoft\/slides\/Slide%206%20-%20Projeto%20da%20Intera%C3%A7%C3%A3o%20Humano-Computador.pdf\">Projeto de Intera\u00e7\u00e3o Humano-Computador<\/a><\/li>\n<li><a href=\"http:\/\/www.inf.ufes.br\/~jssalamon\/wp-content\/uploads\/disciplinas\/projsistsoft\/slides\/Slide%207%20-%20Projeto%20da%20Persist%C3%AAncia%20de%20Dados.pdf\">Projeto de Persist\u00eancia de Dados<\/a><\/li>\n<li><a href=\"http:\/\/www.inf.ufes.br\/~jssalamon\/wp-content\/uploads\/disciplinas\/projsistsoft\/slides\/Slide%208%20-%20Projeto%20de%20Classes%20e%20Avalia%C3%A7%C3%A3o%20da%20Qualidade%20do%20Projeto%20de%20Software.pdf\">Projeto de Classes e Avalia\u00e7\u00e3o da Qualidade do Projeto de Software<\/a><\/li>\n<\/ul>\n<h4><span style=\"font-size: 14pt;\">Listas de Exerc\u00edcios<\/span><\/h4>\n<ul>\n<li><a href=\"http:\/\/www.inf.ufes.br\/~jssalamon\/wp-content\/uploads\/disciplinas\/projsistsoft\/exercicios\/Primeira%20lista%20de%20Projeto%20de%20Sistemas.pdf\">Primeira Lista de Exerc\u00edcios<\/a><\/li>\n<li><a href=\"http:\/\/www.inf.ufes.br\/~jssalamon\/wp-content\/uploads\/disciplinas\/projsistsoft\/exercicios\/Segunda%20lista%20de%20Projeto%20de%20Sistemas%20de%20Software.pdf\">Segunda Lista de Exerc\u00edcios<\/a><\/li>\n<li><a href=\"http:\/\/www.inf.ufes.br\/~jssalamon\/wp-content\/uploads\/disciplinas\/projsistsoft\/exercicios\/Terceira%20lista%20de%20Projeto%20de%20Sistemas%20de%20Software.pdf\">Terceira Lista de Exerc\u00edcios<\/a><\/li>\n<li><a href=\"http:\/\/www.inf.ufes.br\/~jssalamon\/wp-content\/uploads\/disciplinas\/projsistsoft\/exercicios\/Quarta%20Lista%20de%20PSS.pdf\">Quarta Lista de Exerc\u00edcios<\/a><\/li>\n<li><a href=\"http:\/\/www.inf.ufes.br\/~jssalamon\/wp-content\/uploads\/disciplinas\/projsistsoft\/exercicios\/Exercicios_PSS.zip\">Diagramas<\/a><\/li>\n<li><a href=\"http:\/\/www.inf.ufes.br\/~jssalamon\/wp-content\/uploads\/disciplinas\/projsistsoft\/exercicios\/Revis%C3%A3o%20Para%20Prova.zip\">Lista para a Prova<\/a><\/li>\n<\/ul>\n<h4><span style=\"font-size: 14pt;\">Trabalho<\/span><\/h4>\n<ul>\n<li><a href=\"http:\/\/www.inf.ufes.br\/~jssalamon\/wp-content\/uploads\/disciplinas\/projsistsoft\/trabalho\/Roteiro_Trabalho_Pratico_PSS_2019.pdf\">Especifica\u00e7\u00e3o do Trabalho<\/a><\/li>\n<li><a href=\"http:\/\/www.inf.ufes.br\/~jssalamon\/wp-content\/uploads\/disciplinas\/projsistsoft\/trabalho\/MD05-Documento_Projeto.docx\">Template Documento de Projeto<\/a><\/li>\n<li><a href=\"http:\/\/www.inf.ufes.br\/~jssalamon\/wp-content\/uploads\/disciplinas\/projsistsoft\/trabalho\/Documento_Projeto_v1.0.pdf\">Exemplo<\/a><\/li>\n<\/ul>\n<p><span style=\"color: #339966;\">Todo o material aqui disponibilizado \u00e9 uma adapta\u00e7\u00e3o\u00a0feita pela profa. Jordana S. Salamon a partir do conte\u00fado dos slides e\u00a0Notas de Aula das disciplinas de Engenharia de Software elaboradas pelos prof. Ricardo de Almeida Falbo (<a href=\"https:\/\/www.inf.ufes.br\/~falbo\/\">https:\/\/www.inf.ufes.br\/~falbo\/<\/a>) e profa. Monalessa Perini Barcellos (<a href=\"http:\/\/nemo.inf.ufes.br\/monalessa\/\">http:\/\/nemo.inf.ufes.br\/monalessa\/<\/a>) para as disciplinas de Projeto de Sistemas de Software e Engenharia de Software ministradas nos cursos de Ci\u00eancia da Computa\u00e7\u00e3o e Engenharia da Computa\u00e7\u00e3o da UFES.<\/span><\/p>","protected":false},"excerpt":{"rendered":"<p>Programa da Disciplina Programa Detalhado da Disciplina Cronograma Detalhado da Disciplina Datas Importantes 30\/09\/2019 Entrega da Primeira Parte do Trabalho 04\/11\/2019 Entrega da Segunda Parte do Trabalho 05\/12\/2019 Entrega da Terceira Parte do Trabalho 03\/12\/2019 Prova Material Notas de Aula do Prof. Ricardo Falbo Aulas Apresenta\u00e7\u00e3o Introdu\u00e7\u00e3o Requisitos e o Projeto de Software Arquitetura de &#8230; <a href=\"https:\/\/www.inf.ufes.br\/~jssalamon\/index.php\/ensino\/projeto-de-sistemas-de-software\/\" class=\"more-link text-uppercase small\"><strong>Continue Reading<\/strong> <i class=\"fa fa-angle-double-right\" aria-hidden=\"true\"><\/i><\/a><\/p>\n","protected":false},"author":1,"featured_media":0,"parent":254,"menu_order":0,"comment_status":"closed","ping_status":"closed","template":"","meta":[],"_links":{"self":[{"href":"https:\/\/www.inf.ufes.br\/~jssalamon\/index.php\/wp-json\/wp\/v2\/pages\/7971"}],"collection":[{"href":"https:\/\/www.inf.ufes.br\/~jssalamon\/index.php\/wp-json\/wp\/v2\/pages"}],"about":[{"href":"https:\/\/www.inf.ufes.br\/~jssalamon\/index.php\/wp-json\/wp\/v2\/types\/page"}],"author":[{"embeddable":true,"href":"https:\/\/www.inf.ufes.br\/~jssalamon\/index.php\/wp-json\/wp\/v2\/users\/1"}],"replies":[{"embeddable":true,"href":"https:\/\/www.inf.ufes.br\/~jssalamon\/index.php\/wp-json\/wp\/v2\/comments?post=7971"}],"version-history":[{"count":21,"href":"https:\/\/www.inf.ufes.br\/~jssalamon\/index.php\/wp-json\/wp\/v2\/pages\/7971\/revisions"}],"predecessor-version":[{"id":26260,"href":"https:\/\/www.inf.ufes.br\/~jssalamon\/index.php\/wp-json\/wp\/v2\/pages\/7971\/revisions\/26260"}],"up":[{"embeddable":true,"href":"https:\/\/www.inf.ufes.br\/~jssalamon\/index.php\/wp-json\/wp\/v2\/pages\/254"}],"wp:attachment":[{"href":"https:\/\/www.inf.ufes.br\/~jssalamon\/index.php\/wp-json\/wp\/v2\/media?parent=7971"}],"curies":[{"name":"wp","href":"https:\/\/api.w.org\/{rel}","templated":true}]}}