{"id":570,"date":"2019-03-20T10:27:20","date_gmt":"2019-03-20T13:27:20","guid":{"rendered":"http:\/\/www.inf.ufes.br\/~jssalamon\/?page_id=570"},"modified":"2021-04-03T17:22:53","modified_gmt":"2021-04-03T20:22:53","slug":"engenharia-de-software","status":"publish","type":"page","link":"https:\/\/www.inf.ufes.br\/~jssalamon\/index.php\/ensino\/engenharia-de-software\/","title":{"rendered":"Engenharia de Software"},"content":{"rendered":"<h3>Programa da Disciplina<\/h3>\n<p><a href=\"http:\/\/www.inf.ufes.br\/~jssalamon\/wp-content\/uploads\/disciplinas\/engsoft\/INF09288-EngenhariaDeSoftware-2020-2.pdf\">Programa Detalhado da Disciplina<\/a><\/p>\n<p><a href=\"http:\/\/www.inf.ufes.br\/~jssalamon\/wp-content\/uploads\/disciplinas\/engsoft\/ProgramacaoAulas-EngSoft-CComp2020-2-EARTE.pdf\">Cronograma Detalhado da Disciplina<\/a><\/p>\n<p><span style=\"font-size: 14pt;\"><strong>Datas Importantes<\/strong><\/span><\/p>\n<table style=\"height: 92px; width: 69%;\" width=\"452\">\n<tbody>\n<tr style=\"height: 24px;\">\n<td style=\"width: 44.75%; height: 24px;\">22\/03<\/td>\n<td style=\"width: 53.25%; height: 24px;\"><strong>Entrega dos trabalhos 1<\/strong><\/td>\n<\/tr>\n<tr style=\"height: 24px;\">\n<td style=\"width: 44.75%; height: 24px;\">15\/04<\/td>\n<td style=\"width: 53.25%; height: 24px;\"><strong>Entrega dos trabalhos 2<\/strong><\/td>\n<\/tr>\n<tr style=\"height: 24px;\">\n<td style=\"width: 44.75%; height: 24px;\">13\/05<\/td>\n<td style=\"width: 53.25%; height: 24px;\"><strong>Entrega dos trabalhos 3<\/strong><\/td>\n<\/tr>\n<\/tbody>\n<\/table>\n<h3><span style=\"font-size: 14pt;\">Material<\/span><\/h3>\n<ul>\n<li><a href=\"http:\/\/www.inf.ufes.br\/~jssalamon\/wp-content\/uploads\/disciplinas\/engsoft\/Notas_Aula_Engenharia_Software_Falbo_2014.pdf\">Notas de Aula do Prof. Ricardo Falbo<\/a><\/li>\n<\/ul>\n<h4><span style=\"font-size: 14pt;\">Aulas<\/span><\/h4>\n<ul>\n<li><a href=\"http:\/\/www.inf.ufes.br\/~jssalamon\/wp-content\/uploads\/disciplinas\/engsoft\/slides\/Slide%201%20-%20Apresenta%C3%A7%C3%A3o.pdf\">Apresenta\u00e7\u00e3o<\/a><\/li>\n<li><a href=\"http:\/\/www.inf.ufes.br\/~jssalamon\/wp-content\/uploads\/disciplinas\/engsoft\/slides\/Slide%202%20-%20Introdu%C3%A7%C3%A3o%20%C3%A0%20Engenharia%20de%20Software.pdf\">Introdu\u00e7\u00e3o \u00e0 Engenharia de Software<\/a><\/li>\n<li><a href=\"http:\/\/www.inf.ufes.br\/~jssalamon\/wp-content\/uploads\/disciplinas\/engsoft\/slides\/Slide%203%20-%20Processo%20de%20Software.pdf\">Processo de Software<\/a><\/li>\n<li><a href=\"http:\/\/www.inf.ufes.br\/~jssalamon\/wp-content\/uploads\/disciplinas\/engsoft\/slides\/Slide%2011%20-%20T%C3%B3picos%20Avan%C3%A7ados%20em%20ES.pdf\">T\u00f3picos Avan\u00e7ados em ES<\/a><\/li>\n<li><a href=\"http:\/\/www.inf.ufes.br\/~jssalamon\/wp-content\/uploads\/disciplinas\/engsoft\/slides\/Slide%209%20-%20Ger%C3%AAncia%20da%20Qualidade.pdf\">Ger\u00eancia de Qualidade<\/a><\/li>\n<li><a href=\"http:\/\/www.inf.ufes.br\/~jssalamon\/wp-content\/uploads\/disciplinas\/engsoft\/slides\/Slide%2010%20-%20Ger%C3%AAncia%20de%20Projetos.pdf\">Ger\u00eancia de Projetos<\/a><\/li>\n<li><a href=\"https:\/\/nemo.inf.ufes.br\/wp-content\/uploads\/Monalessa\/EngSoftwarePPGI\/Slides4-ES-MetodosAgeis.pdf\">M\u00e9todos \u00c1geis<\/a><\/li>\n<li><a href=\"http:\/\/www.inf.ufes.br\/~jssalamon\/wp-content\/uploads\/disciplinas\/engsoft\/slides\/Slide%204%20-%20Requisitos.pdf\">Requisitos<\/a><\/li>\n<li><a href=\"http:\/\/www.inf.ufes.br\/~jssalamon\/wp-content\/uploads\/disciplinas\/engsoft\/slides\/Slide%208.1%20-%20Testes%20baseados%20em%20Requisitos.pdf\">Testes baseados em Requisitos<\/a><\/li>\n<li><a href=\"http:\/\/www.inf.ufes.br\/~jssalamon\/wp-content\/uploads\/disciplinas\/engsoft\/slides\/Slide%205%20-%20Modelagem%20de%20Casos%20de%20Uso.pdf\">Modelagem de Casos de Uso<\/a><\/li>\n<li><a href=\"http:\/\/www.inf.ufes.br\/~jssalamon\/wp-content\/uploads\/disciplinas\/engsoft\/slides\/Slide%206%20-%20Modelagem%20de%20Entidades%20e%20Relacionamentos.pdf\">Modelagem de Entidades e Relacionamentos<\/a><\/li>\n<li><a href=\"http:\/\/www.inf.ufes.br\/~jssalamon\/wp-content\/uploads\/disciplinas\/engsoft\/slides\/Slide%207%20-%20Projeto%20de%20Software.pdf\">Projeto de Sistemas<\/a><\/li>\n<li>Implementa\u00e7\u00e3o, Teste de Software, Entrega e Manuten\u00e7\u00e3o<\/li>\n<\/ul>\n<h4><span style=\"font-size: 14pt;\">Estudos de Caso<\/span><\/h4>\n<ul>\n<li><a href=\"http:\/\/www.inf.ufes.br\/~jssalamon\/wp-content\/uploads\/disciplinas\/engsoft\/exercicios\/Estudo%20de%20Caso%20-%20Institui%C3%A7%C3%A3o%20de%20Ensino.pdf\">Estudo de Caso &#8211; Institui\u00e7\u00e3o de Ensino<\/a><\/li>\n<li><a href=\"http:\/\/www.inf.ufes.br\/~jssalamon\/wp-content\/uploads\/disciplinas\/engsoft\/exercicios\/Estudo%20de%20caso%20-%20Cl%C3%ADnica.pdf\">Estudo de Caso &#8211; Cl\u00ednica<\/a><\/li>\n<li><a href=\"http:\/\/www.inf.ufes.br\/~jssalamon\/wp-content\/uploads\/disciplinas\/engsoft\/exercicios\/Estudo%20de%20caso%20-%20Locadora.pdf\">Estudo de Caso &#8211; Locadora<\/a><\/li>\n<\/ul>\n<h4><span style=\"font-size: 14pt;\">Listas de Exerc\u00edcios<\/span><\/h4>\n<ul>\n<li><a href=\"http:\/\/www.inf.ufes.br\/~jssalamon\/wp-content\/uploads\/disciplinas\/engsoft\/exercicios\/PRIMEIRA%20LISTA%20DE%20EXERC%C3%8DCIOS%20DE%20ENGENHARIA%20DE%20SOFTWARE.pdf\">Primeira Lista de Exerc\u00edcios<\/a><\/li>\n<li><a href=\"https:\/\/nemo.inf.ufes.br\/wp-content\/uploads\/Monalessa\/EngSoftware\/ES-Atividade12-DefinicaoProcessoSoftware&amp;MetodosAgeis.pdf\">Lista de Exerc\u00edcios sobre Melhoria de Processo de Software e M\u00e9todos \u00c1geis<\/a><\/li>\n<li><a href=\"https:\/\/nemo.inf.ufes.br\/wp-content\/uploads\/Monalessa\/EngSoftwarePPGI\/ES-PPGI-Questionario-Medicao.pdf\">Lista de Exerc\u00edcios sobre Medi\u00e7\u00e3o de Software<\/a><\/li>\n<li><a href=\"https:\/\/nemo.inf.ufes.br\/wp-content\/uploads\/Monalessa\/EngSoftware\/ES-Atividade10-GerenciaDaQualidade.pdf\">Lista de Exerc\u00edcios sobre Ger\u00eancia da Qualidade de Software<\/a><\/li>\n<li><a href=\"https:\/\/nemo.inf.ufes.br\/wp-content\/uploads\/Monalessa\/EngSoftware\/ES-Atividade11-GerenciaDeProjetos.pdf\">Lista de Exerc\u00edcios sobre Ger\u00eancia de Projetos de Software<\/a><\/li>\n<li><a href=\"https:\/\/nemo.inf.ufes.br\/wp-content\/uploads\/Monalessa\/EngSoftwarePPGI\/ES-PPGI-Questionario-MetodosAgeis.pdf\">Lista de Exerc\u00edcios sobre M\u00e9todos \u00c1geis<\/a><\/li>\n<li><a href=\"https:\/\/nemo.inf.ufes.br\/wp-content\/uploads\/Monalessa\/EngSoftware\/ES-Atividade3-EngenhariaDeRequisitos-Questionario.pdf\">Lista de Exerc\u00edcios sobre Engenharia de Requisitos<\/a><\/li>\n<\/ul>\n<h4><span style=\"font-size: 14pt;\">Especifica\u00e7\u00e3o do Trabalho<\/span><\/h4>\n<ul>\n<li><a href=\"http:\/\/www.inf.ufes.br\/~jssalamon\/wp-content\/uploads\/disciplinas\/engsoft\/Especifica%C3%A7%C3%A3o%20do%20Trabalho%20Pr%C3%A1tico.pdf\">Especifica\u00e7\u00e3o do Trabalho Pr\u00e1tico<\/a><\/li>\n<li><a href=\"http:\/\/www.inf.ufes.br\/~jssalamon\/wp-content\/uploads\/disciplinas\/engsoft\/TemplatesTrabalho.zip\">Templates de Documenta\u00e7\u00e3o do Trabalho<\/a><\/li>\n<li><a href=\"http:\/\/www.sis4.com\/brModelo\/download.html\">Ferramenta para Modelagem de Entidades e Relacionamentos<\/a><\/li>\n<li><a href=\"http:\/\/www.inf.ufes.br\/~jssalamon\/wp-content\/uploads\/disciplinas\/engsoft\/lista%20de%20ferramentas%20de%20modelagem.txt\">Ferramentas de Modelagem em geral<\/a><\/li>\n<\/ul>\n<p><span style=\"color: #339966;\">Todo o material aqui disponibilizado \u00e9 uma adapta\u00e7\u00e3o\u00a0feita pela profa. Jordana S. Salamon a partir do conte\u00fado dos slides e\u00a0Notas de Aula das disciplinas de Engenharia de Software elaboradas pelos prof. Ricardo de Almeida Falbo (<a href=\"https:\/\/www.inf.ufes.br\/~falbo\/\">https:\/\/www.inf.ufes.br\/~falbo\/<\/a>) e profa. Monalessa Perini Barcellos (<a href=\"http:\/\/nemo.inf.ufes.br\/monalessa\/\">http:\/\/nemo.inf.ufes.br\/monalessa\/<\/a>) para as referidas disciplinas ministradas nos cursos de Ci\u00eancia da Computa\u00e7\u00e3o e Engenharia da Computa\u00e7\u00e3o da UFES.<\/span><\/p>\n","protected":false},"excerpt":{"rendered":"<p>Programa da Disciplina Programa Detalhado da Disciplina Cronograma Detalhado da Disciplina Datas Importantes 22\/03 Entrega dos trabalhos 1 15\/04 Entrega dos trabalhos 2 13\/05 Entrega dos trabalhos 3 Material Notas de Aula do Prof. Ricardo Falbo Aulas Apresenta\u00e7\u00e3o Introdu\u00e7\u00e3o \u00e0 Engenharia de Software Processo de Software T\u00f3picos Avan\u00e7ados em ES Ger\u00eancia de Qualidade Ger\u00eancia de &#8230; <a href=\"https:\/\/www.inf.ufes.br\/~jssalamon\/index.php\/ensino\/engenharia-de-software\/\" class=\"more-link text-uppercase small\"><strong>Continue Reading<\/strong> <i class=\"fa fa-angle-double-right\" aria-hidden=\"true\"><\/i><\/a><\/p>\n","protected":false},"author":1,"featured_media":0,"parent":254,"menu_order":0,"comment_status":"closed","ping_status":"closed","template":"","meta":[],"_links":{"self":[{"href":"https:\/\/www.inf.ufes.br\/~jssalamon\/index.php\/wp-json\/wp\/v2\/pages\/570"}],"collection":[{"href":"https:\/\/www.inf.ufes.br\/~jssalamon\/index.php\/wp-json\/wp\/v2\/pages"}],"about":[{"href":"https:\/\/www.inf.ufes.br\/~jssalamon\/index.php\/wp-json\/wp\/v2\/types\/page"}],"author":[{"embeddable":true,"href":"https:\/\/www.inf.ufes.br\/~jssalamon\/index.php\/wp-json\/wp\/v2\/users\/1"}],"replies":[{"embeddable":true,"href":"https:\/\/www.inf.ufes.br\/~jssalamon\/index.php\/wp-json\/wp\/v2\/comments?post=570"}],"version-history":[{"count":29,"href":"https:\/\/www.inf.ufes.br\/~jssalamon\/index.php\/wp-json\/wp\/v2\/pages\/570\/revisions"}],"predecessor-version":[{"id":33462,"href":"https:\/\/www.inf.ufes.br\/~jssalamon\/index.php\/wp-json\/wp\/v2\/pages\/570\/revisions\/33462"}],"up":[{"embeddable":true,"href":"https:\/\/www.inf.ufes.br\/~jssalamon\/index.php\/wp-json\/wp\/v2\/pages\/254"}],"wp:attachment":[{"href":"https:\/\/www.inf.ufes.br\/~jssalamon\/index.php\/wp-json\/wp\/v2\/media?parent=570"}],"curies":[{"name":"wp","href":"https:\/\/api.w.org\/{rel}","templated":true}]}}