{"id":541,"date":"2019-02-24T15:34:08","date_gmt":"2019-02-24T18:34:08","guid":{"rendered":"http:\/\/www.inf.ufes.br\/~jssalamon\/?page_id=541"},"modified":"2019-10-08T17:00:33","modified_gmt":"2019-10-08T20:00:33","slug":"programacao-i","status":"publish","type":"page","link":"https:\/\/www.inf.ufes.br\/~jssalamon\/index.php\/ensino\/programacao-i\/","title":{"rendered":"Programa\u00e7\u00e3o I"},"content":{"rendered":"<h3>Programa da Disciplina<\/h3>\n<p><a href=\"http:\/\/www.inf.ufes.br\/~jssalamon\/wp-content\/uploads\/disciplinas\/prog1\/INF09328-Programa%C3%A7%C3%A3oI-2019-1.pdf\">Programa Detalhado da Disciplina<\/a><\/p>\n<p><a href=\"http:\/\/www.inf.ufes.br\/~jssalamon\/wp-content\/uploads\/disciplinas\/prog1\/CRONOGRAMA%20DA%20DISCIPLINA%20PROGRAMA%C3%87%C3%83O%20I.pdf\">Cronograma Detalhado da Disciplina<\/a><\/p>\n<p><span style=\"font-size: 14pt;\"><strong>Datas Importantes<\/strong><\/span><\/p>\n<table style=\"height: 72px; width: 408px;\">\n<tbody>\n<tr style=\"height: 24px;\">\n<td style=\"width: 108px; height: 24px;\"><\/td>\n<td style=\"width: 292px; height: 24px;\"><\/td>\n<\/tr>\n<tr style=\"height: 24px;\">\n<td style=\"width: 108px; height: 24px;\"><\/td>\n<td style=\"width: 292px; height: 24px;\"><\/td>\n<\/tr>\n<tr style=\"height: 24px;\">\n<td style=\"width: 108px; height: 24px;\"><\/td>\n<td style=\"width: 292px; height: 24px;\"><\/td>\n<\/tr>\n<tr style=\"height: 24px;\">\n<td style=\"width: 108px; height: 24px;\"><\/td>\n<td style=\"width: 292px; height: 24px;\"><\/td>\n<\/tr>\n<\/tbody>\n<\/table>\n<h3><span style=\"font-size: 14pt;\">Trabalho<\/span><\/h3>\n<ul>\n<li><a href=\"http:\/\/www.inf.ufes.br\/~jssalamon\/wp-content\/uploads\/disciplinas\/prog1\/trabalho\/Especifica%C3%A7%C3%A3o%20do%20Trabalho%20de%20Programa%C3%A7%C3%A3o%20I.pdf\">Especifica\u00e7\u00e3o do Trabalho<\/a><\/li>\n<li><a href=\"http:\/\/www.inf.ufes.br\/~jssalamon\/wp-content\/uploads\/disciplinas\/prog1\/trabalho\/Exemplo%20de%20entrada%20do%20trabalho.pdf\">Exemplo de entrada do trabalho<\/a><\/li>\n<\/ul>\n<h3><span style=\"font-size: 14pt;\">Material<\/span><\/h3>\n<ul>\n<li><a href=\"http:\/\/www.inf.ufes.br\/~jssalamon\/wp-content\/uploads\/disciplinas\/prog1\/Apostila-Python-Parcial.pdf\">Apostila<\/a><\/li>\n<li><a href=\"http:\/\/www.inf.ufes.br\/~jssalamon\/wp-content\/uploads\/disciplinas\/prog1\/Documenta%C3%A7%C3%A3o%20-%20Como%20executar%20script%20python%20no%20terminal%20linux.pdf\">Como executar script python no terminal do linux<\/a><\/li>\n<li><a href=\"http:\/\/www.inf.ufes.br\/~jssalamon\/wp-content\/uploads\/disciplinas\/prog1\/reduce.txt\">Uso do Reduce<\/a><\/li>\n<\/ul>\n<h4><span style=\"font-size: 14pt;\">Aulas<\/span><\/h4>\n<ul>\n<li><a href=\"http:\/\/www.inf.ufes.br\/~jssalamon\/wp-content\/uploads\/disciplinas\/prog1\/slides\/Slide%201%20-%20Apresenta%C3%A7%C3%A3o.pdf\">Apresenta\u00e7\u00e3o<\/a><\/li>\n<li><a href=\"http:\/\/www.inf.ufes.br\/~jssalamon\/wp-content\/uploads\/disciplinas\/prog1\/slides\/Slide%202%20-%20Conceitos%20B%C3%A1sicos.pdf\">Conceitos B\u00e1sicos<\/a><\/li>\n<li><a href=\"http:\/\/www.inf.ufes.br\/~jssalamon\/wp-content\/uploads\/disciplinas\/prog1\/slides\/Slide%203%20-%20Como%20Resolver%20Problemas.pdf\">Como Resolver Problemas<\/a><\/li>\n<li><a href=\"http:\/\/www.inf.ufes.br\/~jssalamon\/wp-content\/uploads\/disciplinas\/prog1\/slides\/Slide%204%20-%20Tipos%20de%20Dados%20B%C3%A1sicos.pdf\">Tipos B\u00e1sicos de Dados<\/a><\/li>\n<li><a href=\"http:\/\/www.inf.ufes.br\/~jssalamon\/wp-content\/uploads\/disciplinas\/prog1\/slides\/Slide%205%20-%20Defini%C3%A7%C3%B5es%20Condicionais.pdf\">Defini\u00e7\u00f5es Condicionais<\/a><\/li>\n<li><a href=\"http:\/\/www.inf.ufes.br\/~jssalamon\/wp-content\/uploads\/disciplinas\/prog1\/slides\/Slide%206%20-%20Testes.pdf\">Testes<\/a><\/li>\n<li><a href=\"http:\/\/www.inf.ufes.br\/~jssalamon\/wp-content\/uploads\/disciplinas\/prog1\/slides\/Slide%207%20-%20Valida%C3%A7%C3%A3o%20de%20Dados.pdf\">Valida\u00e7\u00e3o de Dados<\/a><\/li>\n<li><a href=\"http:\/\/www.inf.ufes.br\/~jssalamon\/wp-content\/uploads\/disciplinas\/prog1\/slides\/Slide%208%20-%20Tuplas.pdf\">Tuplas<\/a><\/li>\n<li><a href=\"http:\/\/www.inf.ufes.br\/~jssalamon\/wp-content\/uploads\/disciplinas\/prog1\/slides\/Slide%209%20-%20Listas.pdf\">Listas<\/a><\/li>\n<li><a href=\"http:\/\/www.inf.ufes.br\/~jssalamon\/wp-content\/uploads\/disciplinas\/prog1\/slides\/Slide%2010%20-%20Strings%20e%20Dicion%C3%A1rios.pdf\">Strings e Dicion\u00e1rios<\/a><\/li>\n<li><a href=\"http:\/\/www.inf.ufes.br\/~jssalamon\/wp-content\/uploads\/disciplinas\/prog1\/slides\/Slide%2011%20-%20Paradigma%20Aplicativo.pdf\">Paradigma Aplicativo<\/a><\/li>\n<li><a href=\"http:\/\/www.inf.ufes.br\/~jssalamon\/wp-content\/uploads\/disciplinas\/prog1\/slides\/Slide%2012%20-%20Paradigma%20Recursivo.pdf\">Paradigma Recursivo<\/a><\/li>\n<\/ul>\n<h4><span style=\"font-size: 14pt;\">Listas de Exerc\u00edcios<\/span><\/h4>\n<ul>\n<li><a href=\"http:\/\/www.inf.ufes.br\/~jssalamon\/wp-content\/uploads\/disciplinas\/prog1\/exercicios\/Primeira%20Lista%20de%20Exerc%C3%ADcios.pdf\">Primeira Lista de Exerc\u00edcios<\/a><\/li>\n<li><a href=\"http:\/\/www.inf.ufes.br\/~jssalamon\/wp-content\/uploads\/disciplinas\/prog1\/exercicios\/Segunda%20Lista%20de%20Exerc%C3%ADcios.pdf\">Segunda Lista de Exerc\u00edcios<\/a><\/li>\n<li><a href=\"http:\/\/www.inf.ufes.br\/~jssalamon\/wp-content\/uploads\/disciplinas\/prog1\/exercicios\/Terceira%20Lista%20de%20Exerc%C3%ADcios.pdf\">Terceira Lista de Exerc\u00edcios<\/a><\/li>\n<li><a href=\"http:\/\/www.inf.ufes.br\/~jssalamon\/wp-content\/uploads\/disciplinas\/prog1\/exercicios\/Quarta%20Lista%20de%20Exerc%C3%ADcios.pdf\">Quarta Lista de Exerc\u00edcios<\/a><\/li>\n<li><a href=\"http:\/\/www.inf.ufes.br\/~jssalamon\/wp-content\/uploads\/disciplinas\/prog1\/exercicios\/Quinta%20Lista%20de%20Exerc%C3%ADcios.pdf\">Quinta Lista de Exerc\u00edcios<\/a><\/li>\n<li><a href=\"http:\/\/www.inf.ufes.br\/~jssalamon\/wp-content\/uploads\/disciplinas\/prog1\/exercicios\/Sexta%20Lista%20de%20Exerc%C3%ADcios.pdf\">Sexta Lista de Exerc\u00edcios<\/a><\/li>\n<li><a href=\"http:\/\/www.inf.ufes.br\/~jssalamon\/wp-content\/uploads\/disciplinas\/prog1\/exercicios\/S%C3%A9tima%20Lista%20de%20Exerc%C3%ADcios.pdf\">S\u00e9tima Lista de Exerc\u00edcios<\/a><\/li>\n<li><a href=\"http:\/\/www.inf.ufes.br\/~jssalamon\/wp-content\/uploads\/disciplinas\/prog1\/exercicios\/Oitava%20Lista%20de%20Exerc%C3%ADcios.pdf\">Oitava Lista de Exerc\u00edcios<\/a><\/li>\n<li><a href=\"http:\/\/www.inf.ufes.br\/~jssalamon\/wp-content\/uploads\/disciplinas\/prog1\/exercicios\/Nona%20Lista%20de%20Exerc%C3%ADcios.pdf\">Nona Lista de Exerc\u00edcios<\/a><\/li>\n<li><a href=\"http:\/\/www.inf.ufes.br\/~jssalamon\/wp-content\/uploads\/disciplinas\/prog1\/exercicios\/D%C3%A9cima%20Lista%20de%20Exerc%C3%ADcios.pdf\">D\u00e9cima Lista de Exerc\u00edcios<\/a><\/li>\n<li><a href=\"http:\/\/www.inf.ufes.br\/~jssalamon\/wp-content\/uploads\/disciplinas\/prog1\/exercicios\/D%C3%A9cima%20Primeira%20Lista%20de%20Exerc%C3%ADcios.pdf\">D\u00e9cima Primeira Lista de Exerc\u00edcios<\/a><\/li>\n<\/ul>\n<p><span style=\"color: #339966; font-size: 12pt;\">Todo o material aqui disponibilizado \u00e9 uma adapta\u00e7\u00e3o feita pela profa. Jordana S. Salamon a partir do conte\u00fado dos slides elaborados pelas profa. Maria Cl\u00e1udia Boeres (<a href=\"https:\/\/www.inf.ufes.br\/~boeres\/\">https:\/\/www.inf.ufes.br\/~boeres\/<\/a>) e Veruska C. Zamborlini (<a href=\"http:\/\/www.few.vu.nl\/~vci900\/\">http:\/\/www.few.vu.nl\/~vci900\/<\/a>) para as disciplinas de Programa\u00e7\u00e3o I ministradas para o curso de Ci\u00eancia da Computa\u00e7\u00e3o da UFES.<\/span><\/p>\n","protected":false},"excerpt":{"rendered":"<p>Programa da Disciplina Programa Detalhado da Disciplina Cronograma Detalhado da Disciplina Datas Importantes Trabalho Especifica\u00e7\u00e3o do Trabalho Exemplo de entrada do trabalho Material Apostila Como executar script python no terminal do linux Uso do Reduce Aulas Apresenta\u00e7\u00e3o Conceitos B\u00e1sicos Como Resolver Problemas Tipos B\u00e1sicos de Dados Defini\u00e7\u00f5es Condicionais Testes Valida\u00e7\u00e3o de Dados Tuplas Listas Strings &#8230; <a href=\"https:\/\/www.inf.ufes.br\/~jssalamon\/index.php\/ensino\/programacao-i\/\" class=\"more-link text-uppercase small\"><strong>Continue Reading<\/strong> <i class=\"fa fa-angle-double-right\" aria-hidden=\"true\"><\/i><\/a><\/p>\n","protected":false},"author":1,"featured_media":0,"parent":254,"menu_order":0,"comment_status":"closed","ping_status":"closed","template":"","meta":[],"_links":{"self":[{"href":"https:\/\/www.inf.ufes.br\/~jssalamon\/index.php\/wp-json\/wp\/v2\/pages\/541"}],"collection":[{"href":"https:\/\/www.inf.ufes.br\/~jssalamon\/index.php\/wp-json\/wp\/v2\/pages"}],"about":[{"href":"https:\/\/www.inf.ufes.br\/~jssalamon\/index.php\/wp-json\/wp\/v2\/types\/page"}],"author":[{"embeddable":true,"href":"https:\/\/www.inf.ufes.br\/~jssalamon\/index.php\/wp-json\/wp\/v2\/users\/1"}],"replies":[{"embeddable":true,"href":"https:\/\/www.inf.ufes.br\/~jssalamon\/index.php\/wp-json\/wp\/v2\/comments?post=541"}],"version-history":[{"count":36,"href":"https:\/\/www.inf.ufes.br\/~jssalamon\/index.php\/wp-json\/wp\/v2\/pages\/541\/revisions"}],"predecessor-version":[{"id":7333,"href":"https:\/\/www.inf.ufes.br\/~jssalamon\/index.php\/wp-json\/wp\/v2\/pages\/541\/revisions\/7333"}],"up":[{"embeddable":true,"href":"https:\/\/www.inf.ufes.br\/~jssalamon\/index.php\/wp-json\/wp\/v2\/pages\/254"}],"wp:attachment":[{"href":"https:\/\/www.inf.ufes.br\/~jssalamon\/index.php\/wp-json\/wp\/v2\/media?parent=541"}],"curies":[{"name":"wp","href":"https:\/\/api.w.org\/{rel}","templated":true}]}}