{"id":539,"date":"2019-02-24T15:33:42","date_gmt":"2019-02-24T18:33:42","guid":{"rendered":"http:\/\/www.inf.ufes.br\/~jssalamon\/?page_id=539"},"modified":"2019-11-23T19:03:00","modified_gmt":"2019-11-23T22:03:00","slug":"bancos-de-dados","status":"publish","type":"page","link":"https:\/\/www.inf.ufes.br\/~jssalamon\/index.php\/ensino\/bancos-de-dados\/","title":{"rendered":"Bancos de Dados"},"content":{"rendered":"<h3>Programa da Disciplina<\/h3>\n<p><a href=\"http:\/\/www.inf.ufes.br\/~jssalamon\/wp-content\/uploads\/disciplinas\/bd\/INF09287-BancoDeDados-2019-2.pdf\">Programa Detalhado da Disciplina<\/a><\/p>\n<p><a href=\"http:\/\/www.inf.ufes.br\/~jssalamon\/wp-content\/uploads\/disciplinas\/bd\/CRONOGRAMA%20DA%20DISCIPLINA%20DE%20BANCO%20DE%20DADOS.pdf\">Cronograma Detalhado da Disciplina<\/a><\/p>\n<p><span style=\"font-size: 14pt;\"><strong>Datas Importantes<\/strong><\/span><\/p>\n<table style=\"height: 120px;\">\n<tbody>\n<tr style=\"height: 24px;\">\n<td style=\"width: 166px; height: 24px;\">18\/09\/2019<\/td>\n<td style=\"width: 394px; height: 24px;\">Entrega do Primeiro Trabalho<\/td>\n<\/tr>\n<tr style=\"height: 24px;\">\n<td style=\"width: 166px; height: 24px;\">30\/10\/2019<\/td>\n<td style=\"width: 394px; height: 24px;\">Entrega do Segundo Trabalho<\/td>\n<\/tr>\n<tr style=\"height: 24px;\">\n<td style=\"width: 166px; height: 24px;\">25\/11\/2019<\/td>\n<td style=\"width: 394px; height: 24px;\">Entrega do Terceiro Trabalho<\/td>\n<\/tr>\n<tr style=\"height: 24px;\">\n<td style=\"width: 166px; height: 24px;\">04\/12\/2019<\/td>\n<td style=\"width: 394px; height: 24px;\">Prova<\/td>\n<\/tr>\n<tr style=\"height: 24px;\">\n<td style=\"width: 166px; height: 24px;\">18\/12\/2019<\/td>\n<td style=\"width: 394px; height: 24px;\">Prova Final<\/td>\n<\/tr>\n<\/tbody>\n<\/table>\n<h3><span style=\"font-size: 14pt;\">Estudos de Caso<\/span><\/h3>\n<ul>\n<li><a href=\"http:\/\/www.inf.ufes.br\/~jssalamon\/wp-content\/uploads\/disciplinas\/bd\/exercicios\/Estudo%20de%20Caso%20-%20Escola%20de%20L%C3%ADnguas.pdf\">Estudo de Caso &#8211; Escola de L\u00ednguas<\/a><\/li>\n<li><a href=\"http:\/\/www.inf.ufes.br\/~jssalamon\/wp-content\/uploads\/disciplinas\/bd\/exercicios\/Estudo%20de%20caso%20-%20Cl%C3%ADnica%20M%C3%A9dica.pdf\">Estudo de Caso &#8211; Cl\u00ednica M\u00e9dica<\/a><\/li>\n<li><a href=\"http:\/\/www.inf.ufes.br\/~jssalamon\/wp-content\/uploads\/disciplinas\/bd\/exercicios\/Estudo%20de%20Caso%20-%20Locadora.pdf\">Estudo de Caso &#8211; Locadora<\/a><\/li>\n<li><a href=\"http:\/\/www.inf.ufes.br\/~jssalamon\/wp-content\/uploads\/disciplinas\/bd\/exercicios\/Exerc%C3%ADcio%20-%20Biblioteca.pdf\">Estudo de Caso &#8211; Biblioteca<\/a><\/li>\n<li><a href=\"http:\/\/www.inf.ufes.br\/~jssalamon\/wp-content\/uploads\/disciplinas\/bd\/exercicios\/Exerc%C3%ADcio%20-%20Livraria.pdf\">Estudo de Caso &#8211; Livraria<\/a><\/li>\n<\/ul>\n<h4><span style=\"font-size: 14pt;\">Aulas<\/span><\/h4>\n<ul>\n<li><a href=\"http:\/\/www.inf.ufes.br\/~jssalamon\/wp-content\/uploads\/disciplinas\/bd\/slides\/Slide%201%20-%20Apresenta%C3%A7%C3%A3o.pdf\">Apresenta\u00e7\u00e3o<\/a><\/li>\n<li><a href=\"http:\/\/www.inf.ufes.br\/~jssalamon\/wp-content\/uploads\/disciplinas\/bd\/slides\/Slide%202%20-%20Introdu%C3%A7%C3%A3o.pdf\">Introdu\u00e7\u00e3o<\/a><\/li>\n<li><a href=\"http:\/\/www.inf.ufes.br\/~jssalamon\/wp-content\/uploads\/disciplinas\/bd\/slides\/Slide%203%20-%20Sistemas%20Gerenciadores%20de%20Bancos%20de%20Dados.pdf\">Sistemas Gerenciadores de Bancos de Dados<\/a><\/li>\n<li><a href=\"http:\/\/www.inf.ufes.br\/~jssalamon\/wp-content\/uploads\/disciplinas\/bd\/slides\/Slide%204%20-%20Levantamento%20de%20Requisitos.pdf\">Levantamento de Requisitos<\/a><\/li>\n<li><a href=\"http:\/\/www.inf.ufes.br\/~jssalamon\/wp-content\/uploads\/disciplinas\/bd\/slides\/Slide%204.1%20-%20Escrevendo%20RNs%20e%20RNFs.pdf\">Escrevendo RNs e RNFs<\/a><\/li>\n<li><a href=\"http:\/\/www.inf.ufes.br\/~jssalamon\/wp-content\/uploads\/disciplinas\/bd\/slides\/Slide%205%20-%20An%C3%A1lise%20de%20Requisitos.pdf\">An\u00e1lise de Requisitos<\/a><\/li>\n<li><a href=\"http:\/\/www.inf.ufes.br\/~jssalamon\/wp-content\/uploads\/disciplinas\/bd\/slides\/Slide%206%20-%20Modelagem%20ER.pdf\">Modelagem ER<\/a><\/li>\n<li><a href=\"http:\/\/www.inf.ufes.br\/~jssalamon\/wp-content\/uploads\/disciplinas\/bd\/slides\/Slide%207%20-%20Modelagem%20de%20Estados%20e%20Diagrama%20de%20Pacotes.pdf\">Modelagem de Estados e Diagrama de Pacotes<\/a><\/li>\n<li><a href=\"http:\/\/www.inf.ufes.br\/~jssalamon\/wp-content\/uploads\/disciplinas\/bd\/slides\/Slide%208%20-%20Projeto%20de%20Software.pdf\">Projeto de Software<\/a><\/li>\n<li><a href=\"http:\/\/www.inf.ufes.br\/~jssalamon\/wp-content\/uploads\/disciplinas\/bd\/slides\/Slide%209%20-%20%C3%81lgebra%20Relacional.pdf\">\u00c1lgebra Relacional<\/a><\/li>\n<li><a href=\"http:\/\/www.inf.ufes.br\/~jssalamon\/wp-content\/uploads\/disciplinas\/bd\/slides\/Slide%2010%20-%20SQL.pdf\">SQL<\/a><\/li>\n<\/ul>\n<h4><span style=\"font-size: 14pt;\">Trabalho<\/span><\/h4>\n<ul>\n<li><a href=\"http:\/\/www.inf.ufes.br\/~jssalamon\/wp-content\/uploads\/disciplinas\/bd\/trabalho\/Especifica%C3%A7%C3%A3o%20Trabalho%20Banco%20de%20Dados.pdf\">Especifica\u00e7\u00e3o do Trabalho<\/a><\/li>\n<li><a href=\"http:\/\/www.inf.ufes.br\/~jssalamon\/wp-content\/uploads\/disciplinas\/bd\/trabalho\/Documento%20de%20Requisitos_template.docx\">Template do Documento de Requisitos<\/a><\/li>\n<li><a href=\"http:\/\/www.inf.ufes.br\/~jssalamon\/wp-content\/uploads\/disciplinas\/bd\/trabalho\/Documento%20de%20Especifica%C3%A7%C3%A3o%20de%20Requisitos_template.docx\">Template do Documento de Especifica\u00e7\u00e3o de Requisitos<\/a><\/li>\n<li><a href=\"http:\/\/www.sis4.com\/brModelo\/download.html\">Ferramenta para cria\u00e7\u00e3o de diagramas Entidade e Relacionamento<\/a><\/li>\n<li><a href=\"http:\/\/astah.net\/\">Ferramenta para cria\u00e7\u00e3o de diagramas de Casos de Uso<\/a><\/li>\n<li><a href=\"https:\/\/dev.mysql.com\/downloads\/workbench\/\">Ferramenta para cria\u00e7\u00e3o, popula\u00e7\u00e3o e consulta a bancos de dados<\/a><\/li>\n<li><a href=\"https:\/\/www.devmedia.com.br\/instalando-e-configurando-a-nova-versao-do-mysql\/25813\">Tutorial de instala\u00e7\u00e3o do MySQL<\/a><\/li>\n<li><a href=\"https:\/\/www.techotopia.com\/index.php\/Using_MySQL_Workbench_to_Create_a_Database_Model\">Tutorial de como, a partir do modelo, gerar o banco de dados<\/a><\/li>\n<li><a href=\"https:\/\/www.devmedia.com.br\/introducao-ao-novo-mysql-workbench\/25939\">Tutorial de introdu\u00e7\u00e3o ao MySQL Workbench<\/a><\/li>\n<li><a href=\"http:\/\/www.inf.ufes.br\/~jssalamon\/wp-content\/uploads\/disciplinas\/bd\/trabalho\/Documento%20de%20Projeto_template.docx\">Template do Terceiro Trabalho<\/a><\/li>\n<\/ul>\n<h4><span style=\"font-size: 14pt;\">Exerc\u00edcios Para Prova<\/span><\/h4>\n<ul>\n<li><a href=\"http:\/\/www.inf.ufes.br\/~jssalamon\/wp-content\/uploads\/disciplinas\/bd\/exercicios\/LISTA%20DE%20EXERC%C3%8DCIOS%20PARA%20PROVA.pdf\">Exerc\u00edcios para Prova<\/a><\/li>\n<li><a href=\"http:\/\/www.inf.ufes.br\/~jssalamon\/wp-content\/uploads\/disciplinas\/bd\/exercicios\/Exerc%C3%ADcios%20de%20%C3%81lgebra%20Relacional%20e%20SQL.pdf\">Exerc\u00edcios para Prova &#8211; \u00c1lgebra Relacional e SQL<\/a><\/li>\n<li><a href=\"http:\/\/www.inf.ufes.br\/~jssalamon\/wp-content\/uploads\/disciplinas\/bd\/exercicios\/EXERC%C3%8DCIOS%20EXTRAS.pdf\">Exerc\u00edcios Extras<\/a><\/li>\n<\/ul>\n<p><span style=\"color: #339966; font-size: 12pt;\">Todo o material aqui disponibilizado \u00e9 uma adapta\u00e7\u00e3o feita pela profa. Jordana S. Salamon a partir do conte\u00fado dos slides elaborados pelos prof. V\u00edtor E. Silva Souza (<a href=\"https:\/\/www.inf.ufes.br\/~vitorsouza\/\">https:\/\/www.inf.ufes.br\/~vitorsouza\/<\/a>) e prof. Vinicius Soares Mota (<a href=\"https:\/\/inf.ufes.br\/~vinicius.mota\/\">https:\/\/inf.ufes.br\/~vinicius.mota\/<\/a>) para as disciplinas de Banco de Dados ministradas para os cursos de Estat\u00edstica e Engenharia de Produ\u00e7\u00e3o e e por mim mesma para as disciplinas de Engenharia de Software e Engenharia de Requisitos de Software ministradas para o curso de Ci\u00eancia da Computa\u00e7\u00e3o, todos cursos da UFES.<\/span><\/p>\n\n\n<p><\/p>\n","protected":false},"excerpt":{"rendered":"<p>Programa da Disciplina Programa Detalhado da Disciplina Cronograma Detalhado da Disciplina Datas Importantes 18\/09\/2019 Entrega do Primeiro Trabalho 30\/10\/2019 Entrega do Segundo Trabalho 25\/11\/2019 Entrega do Terceiro Trabalho 04\/12\/2019 Prova 18\/12\/2019 Prova Final Estudos de Caso Estudo de Caso &#8211; Escola de L\u00ednguas Estudo de Caso &#8211; Cl\u00ednica M\u00e9dica Estudo de Caso &#8211; Locadora Estudo &#8230; <a href=\"https:\/\/www.inf.ufes.br\/~jssalamon\/index.php\/ensino\/bancos-de-dados\/\" class=\"more-link text-uppercase small\"><strong>Continue Reading<\/strong> <i class=\"fa fa-angle-double-right\" aria-hidden=\"true\"><\/i><\/a><\/p>\n","protected":false},"author":1,"featured_media":0,"parent":254,"menu_order":0,"comment_status":"closed","ping_status":"closed","template":"","meta":[],"_links":{"self":[{"href":"https:\/\/www.inf.ufes.br\/~jssalamon\/index.php\/wp-json\/wp\/v2\/pages\/539"}],"collection":[{"href":"https:\/\/www.inf.ufes.br\/~jssalamon\/index.php\/wp-json\/wp\/v2\/pages"}],"about":[{"href":"https:\/\/www.inf.ufes.br\/~jssalamon\/index.php\/wp-json\/wp\/v2\/types\/page"}],"author":[{"embeddable":true,"href":"https:\/\/www.inf.ufes.br\/~jssalamon\/index.php\/wp-json\/wp\/v2\/users\/1"}],"replies":[{"embeddable":true,"href":"https:\/\/www.inf.ufes.br\/~jssalamon\/index.php\/wp-json\/wp\/v2\/comments?post=539"}],"version-history":[{"count":43,"href":"https:\/\/www.inf.ufes.br\/~jssalamon\/index.php\/wp-json\/wp\/v2\/pages\/539\/revisions"}],"predecessor-version":[{"id":25843,"href":"https:\/\/www.inf.ufes.br\/~jssalamon\/index.php\/wp-json\/wp\/v2\/pages\/539\/revisions\/25843"}],"up":[{"embeddable":true,"href":"https:\/\/www.inf.ufes.br\/~jssalamon\/index.php\/wp-json\/wp\/v2\/pages\/254"}],"wp:attachment":[{"href":"https:\/\/www.inf.ufes.br\/~jssalamon\/index.php\/wp-json\/wp\/v2\/media?parent=539"}],"curies":[{"name":"wp","href":"https:\/\/api.w.org\/{rel}","templated":true}]}}