{"id":537,"date":"2019-02-24T15:32:34","date_gmt":"2019-02-24T18:32:34","guid":{"rendered":"http:\/\/www.inf.ufes.br\/~jssalamon\/?page_id=537"},"modified":"2020-12-08T15:53:43","modified_gmt":"2020-12-08T18:53:43","slug":"engenharia-de-requisitos-de-software","status":"publish","type":"page","link":"https:\/\/www.inf.ufes.br\/~jssalamon\/index.php\/ensino\/engenharia-de-requisitos-de-software\/","title":{"rendered":"Engenharia de Requisitos de Software"},"content":{"rendered":"<h3>Programa da Disciplina<\/h3>\n<p><a href=\"http:\/\/www.inf.ufes.br\/~jssalamon\/wp-content\/uploads\/disciplinas\/engreq\/INF09287-EngenhariaDeRequisitosDeSoftware-2020-1.pdf\">Programa Detalhado da Disciplina<\/a><\/p>\n<p><a href=\"http:\/\/www.inf.ufes.br\/~jssalamon\/wp-content\/uploads\/disciplinas\/engreq\/ProgramacaoAulas-EngReq-CComp2020-1-EARTE.pdf\">Cronograma Detalhado da Disciplina<\/a><\/p>\n<p><span style=\"font-size: 14pt;\"><strong>Datas Importantes<\/strong><\/span><\/p>\n<table style=\"height: 168px;\">\n<tbody>\n<tr style=\"height: 24px;\">\n<td style=\"width: 166px; height: 24px;\">05\/11\/2020<\/td>\n<td style=\"width: 394px; height: 24px;\">Entrega do Primeiro Trabalho<\/td>\n<\/tr>\n<tr style=\"height: 24px;\">\n<td style=\"width: 166px; height: 24px;\">11\/12\/2020<\/td>\n<td style=\"width: 394px; height: 24px;\">Entrega do Segundo Trabalho<\/td>\n<\/tr>\n<tr style=\"height: 24px;\">\n<td style=\"width: 166px; height: 24px;\"><\/td>\n<td style=\"width: 394px; height: 24px;\"><\/td>\n<\/tr>\n<tr style=\"height: 24px;\">\n<td style=\"width: 166px; height: 24px;\">22\/12\/2020<\/td>\n<td style=\"width: 394px; height: 24px;\">Prova Final<\/td>\n<\/tr>\n<\/tbody>\n<\/table>\n<h3><span style=\"font-size: 14pt;\">Material<\/span><\/h3>\n<ul>\n<li><a href=\"http:\/\/www.inf.ufes.br\/~jssalamon\/wp-content\/uploads\/disciplinas\/engreq\/Notas_Aula_Engenharia_Requisitos.pdf\">Notas de Aula do Prof. Ricardo Falbo<\/a><\/li>\n<li><a href=\"http:\/\/www.inf.ufes.br\/~jssalamon\/wp-content\/uploads\/disciplinas\/engreq\/Exemplos%20de%20diagramas%20de%20atividades.pdf\">Exemplos de Diagramas de Atividades<\/a><\/li>\n<li>Link do Google Meet: <a href=\"https:\/\/meet.google.com\/dox-virh-rrh\">https:\/\/meet.google.com\/dox-virh-rrh<\/a><\/li>\n<\/ul>\n<h4><span style=\"font-size: 14pt;\">Aulas<\/span><\/h4>\n<ul>\n<li><a href=\"http:\/\/www.inf.ufes.br\/~jssalamon\/wp-content\/uploads\/disciplinas\/engreq\/slides\/Slide%201%20-%20Apresenta%C3%A7%C3%A3o.pdf\">Apresenta\u00e7\u00e3o<\/a><\/li>\n<li><a href=\"http:\/\/www.inf.ufes.br\/~jssalamon\/wp-content\/uploads\/disciplinas\/engreq\/slides\/Slide%202%20-%20Introdu%C3%A7%C3%A3o%20%C3%A0%20Engenharia%20de%20Requisitos.pdf\">Introdu\u00e7\u00e3o \u00e0 Engenharia de Requisitos<\/a><\/li>\n<li><a href=\"http:\/\/www.inf.ufes.br\/~jssalamon\/wp-content\/uploads\/disciplinas\/engreq\/slides\/Slide%203%20-%20Processo%20de%20Engenharia%20de%20Requisitos.pdf\">Processo de Engenharia de Requisitos<\/a><\/li>\n<li><a href=\"http:\/\/www.inf.ufes.br\/~jssalamon\/wp-content\/uploads\/disciplinas\/engreq\/slides\/Slide%204%20-%20Engenharia%20de%20Requisitos%20e%20Normas%20e%20Modelos%20de%20Qualidade.pdf\">Engenharia de Requisitos e Normas e Modelos de Qualidade<\/a><\/li>\n<li><a href=\"http:\/\/www.inf.ufes.br\/~jssalamon\/wp-content\/uploads\/disciplinas\/engreq\/slides\/Slide%205%20-%20Levantamento%20de%20Requisitos.pdf\">Levantamento de Requisitos<\/a><\/li>\n<li><a href=\"http:\/\/www.inf.ufes.br\/~jssalamon\/wp-content\/uploads\/disciplinas\/engreq\/slides\/Slide%206%20-%20An%C3%A1lise%20de%20Requisitos.pdf\">An\u00e1lise de Requisitos<\/a><\/li>\n<li><a href=\"http:\/\/www.inf.ufes.br\/~jssalamon\/wp-content\/uploads\/disciplinas\/engreq\/slides\/Slide%207.1%20-%20Modelagem%20de%20Objetivos.pdf\">Modelagem de Objetivos<\/a><\/li>\n<li><a href=\"http:\/\/www.inf.ufes.br\/~jssalamon\/wp-content\/uploads\/disciplinas\/engreq\/slides\/Slide%207.2%20-%20Modelagem%20de%20Casos%20de%20Uso.pdf\">Modelagem de Casos de Uso<\/a><\/li>\n<li><a href=\"http:\/\/www.inf.ufes.br\/~jssalamon\/wp-content\/uploads\/disciplinas\/engreq\/slides\/Slide%208%20-%20Modelagem%20Estrutural.pdf\">Modelagem Estrutural<\/a><\/li>\n<li><a href=\"http:\/\/www.inf.ufes.br\/~jssalamon\/wp-content\/uploads\/disciplinas\/engreq\/slides\/Slide%209%20-%20Modelagem%20Din%C3%A2mica%20-%20Diagrama%20de%20Estados.pdf\">Modelagem de Estados<\/a><\/li>\n<li><a href=\"http:\/\/www.inf.ufes.br\/~jssalamon\/wp-content\/uploads\/disciplinas\/engreq\/slides\/Slide%2010%20-%20Modelagem%20Din%C3%A2mica%20-%20Diagrama%20de%20Atividades.pdf\">Modelagem de Atividades<\/a><\/li>\n<li><a href=\"http:\/\/www.inf.ufes.br\/~jssalamon\/wp-content\/uploads\/disciplinas\/engreq\/slides\/Slide%2011%20-%20Qualidade%20e%20Agilidade%20em%20Requisitos.pdf\">Qualidade e Agilidade de Requisitos<\/a><\/li>\n<\/ul>\n<h4><span style=\"font-size: 14pt;\">Listas de Exerc\u00edcios<\/span><\/h4>\n<ul>\n<li><a href=\"http:\/\/www.inf.ufes.br\/~jssalamon\/wp-content\/uploads\/disciplinas\/engreq\/exercicios\/Primeira%20Lista%20de%20Engenharia%20de%20Requisitos.pdf\">Primeira Lista de Exerc\u00edcios sobre o Processo de Engenharia de Requisitos<\/a><\/li>\n<li><a href=\"http:\/\/www.inf.ufes.br\/~jssalamon\/wp-content\/uploads\/disciplinas\/engreq\/exercicios\/Primeira%20Lista%20de%20Engenharia%20de%20Requisitos%20-%20Resolu%C3%A7%C3%A3o.pdf\">Resolu\u00e7\u00e3o da Primeira Lista de Exerc\u00edcios<\/a><\/li>\n<li><a href=\"http:\/\/www.inf.ufes.br\/~jssalamon\/wp-content\/uploads\/disciplinas\/engreq\/exercicios\/Segunda%20Lista%20de%20Exerc%C3%ADcios.pdf\">Segunda Lista de Exerc\u00edcios sobre o Processo de Engenharia de Requisitos<\/a><\/li>\n<li><a href=\"http:\/\/www.inf.ufes.br\/~jssalamon\/wp-content\/uploads\/disciplinas\/engreq\/exercicios\/Segunda%20Lista%20de%20Exerc%C3%ADcios%20-%20Resolu%C3%A7%C3%A3o.pdf\">Resolu\u00e7\u00e3o da Segunda Lista de Exerc\u00edcios<\/a><\/li>\n<li><a href=\"http:\/\/www.inf.ufes.br\/~jssalamon\/wp-content\/uploads\/disciplinas\/engreq\/exercicios\/Atividade%20de%20Engenharia%20de%20Requisitos.pdf\">Atividade sobre Levantamento de Requisitos<\/a><\/li>\n<li><a href=\"http:\/\/www.inf.ufes.br\/~jssalamon\/wp-content\/uploads\/disciplinas\/engreq\/exercicios\/Exerc%C3%ADcio%20-%20Sociedade%20Cient%C3%ADfica.pdf\">Exerc\u00edcio &#8211; Sociedade Cient\u00edfica<\/a><\/li>\n<li><a href=\"http:\/\/www.inf.ufes.br\/~jssalamon\/wp-content\/uploads\/disciplinas\/engreq\/exercicios\/Exerc%C3%ADcio%20-%20Locadora%20de%20Carros.pdf\">Exerc\u00edcio &#8211; Locadora<\/a><\/li>\n<li><a href=\"http:\/\/www.inf.ufes.br\/~jssalamon\/wp-content\/uploads\/disciplinas\/engreq\/exercicios\/Exerc%C3%ADcio%20-%20Livraria.pdf\">Exerc\u00edcio &#8211; Livraria<\/a><\/li>\n<li><a href=\"http:\/\/www.inf.ufes.br\/~jssalamon\/wp-content\/uploads\/disciplinas\/engreq\/exercicios\/Exerc%C3%ADcio%20-%20Pet%20Shop.pdf\">Exerc\u00edcio &#8211; Pet Shop<\/a><\/li>\n<li><a href=\"http:\/\/www.inf.ufes.br\/~jssalamon\/wp-content\/uploads\/disciplinas\/engreq\/exercicios\/Exerc%C3%ADcio%20-%20Escola%20de%20L%C3%ADnguas.pdf\">Exerc\u00edcio &#8211; Escola de L\u00ednguas<\/a><\/li>\n<li><a href=\"http:\/\/www.inf.ufes.br\/~jssalamon\/wp-content\/uploads\/disciplinas\/engreq\/exercicios\/Exerc%C3%ADcio%20-%20Loja%20de%20Inform%C3%A1tica.pdf\">Exerc\u00edcio &#8211; Loja de Inform\u00e1tica<\/a><\/li>\n<li><a href=\"http:\/\/www.inf.ufes.br\/~jssalamon\/wp-content\/uploads\/disciplinas\/engreq\/exercicios\/Exerc%C3%ADcio%20-%20Cl%C3%ADnica%20Odontol%C3%B3gica.pdf\">Exerc\u00edcio Cl\u00ednica Odontol\u00f3gica<\/a><\/li>\n<li><a href=\"http:\/\/www.inf.ufes.br\/~jssalamon\/wp-content\/uploads\/disciplinas\/engreq\/exercicios\/Documentos%20dos%20exerc%C3%ADcios.zip\">Documentos dos exerc\u00edcios<\/a><\/li>\n<\/ul>\n<h4><span style=\"font-size: 14pt;\">Trabalho<\/span><\/h4>\n<ul>\n<li><a href=\"http:\/\/www.inf.ufes.br\/~jssalamon\/wp-content\/uploads\/disciplinas\/engreq\/trabalho\/Especifica%C3%A7%C3%A3o%20Trabalho%20Engenharia%20de%20Requisitos.pdf\">Especifica\u00e7\u00e3o do Trabalho<\/a><\/li>\n<li><a href=\"http:\/\/www.inf.ufes.br\/~jssalamon\/wp-content\/uploads\/disciplinas\/engreq\/trabalho\/Documento%20de%20Requisitos_template.docx\">Template do Documento de Requisitos<\/a><\/li>\n<li><a href=\"http:\/\/www.inf.ufes.br\/~jssalamon\/wp-content\/uploads\/disciplinas\/engreq\/trabalho\/Documento%20de%20Especifica%C3%A7%C3%A3o%20de%20Requisitos_template.docx\">Template do Documento de Especifica\u00e7\u00e3o de Requisitos<\/a><\/li>\n<li><a href=\"http:\/\/www.inf.ufes.br\/~jssalamon\/wp-content\/uploads\/disciplinas\/engreq\/trabalho\/Documento%20de%20Requisitos%20-%20exemplo.pdf\">Exemplo de Documento de Requisitos<\/a><\/li>\n<li><a href=\"http:\/\/www.inf.ufes.br\/~jssalamon\/wp-content\/uploads\/disciplinas\/engreq\/trabalho\/ferramentas.txt\">Ferramentas para realiza\u00e7\u00e3o do segundo trabalho<\/a><\/li>\n<li><a href=\"http:\/\/www.inf.ufes.br\/~jssalamon\/wp-content\/uploads\/disciplinas\/engreq\/trabalho\/Documento%20de%20Especifica%C3%A7%C3%A3o%20de%20Requisitos%20-%20exemplo.pdf\">Exemplo de Documento de Especifica\u00e7\u00e3o de Requisitos<\/a><\/li>\n<\/ul>\n<p><span style=\"color: #339966;\">Todo o material aqui disponibilizado \u00e9 uma adapta\u00e7\u00e3o\u00a0feita pela profa. Jordana S. Salamon a partir do conte\u00fado dos slides e\u00a0Notas de Aula das disciplinas de Engenharia de Software elaboradas pelos prof. Ricardo de Almeida Falbo (<a href=\"http:\/\/www.inf.ufes.br\/~falbo\/\">https:\/\/www.inf.ufes.br\/~falbo\/<\/a>) e profa. Monalessa Perini Barcellos (<a href=\"http:\/\/nemo.inf.ufes.br\/monalessa\/\">http:\/\/nemo.inf.ufes.br\/monalessa\/<\/a>) para as disciplinas de Engenharia de Requisitos de Software e Engenharia de Software ministradas nos cursos de Ci\u00eancia da Computa\u00e7\u00e3o e Engenharia da Computa\u00e7\u00e3o da UFES.<\/span><\/p>\n","protected":false},"excerpt":{"rendered":"<p>Programa da Disciplina Programa Detalhado da Disciplina Cronograma Detalhado da Disciplina Datas Importantes 05\/11\/2020 Entrega do Primeiro Trabalho 11\/12\/2020 Entrega do Segundo Trabalho 22\/12\/2020 Prova Final Material Notas de Aula do Prof. Ricardo Falbo Exemplos de Diagramas de Atividades Link do Google Meet: https:\/\/meet.google.com\/dox-virh-rrh Aulas Apresenta\u00e7\u00e3o Introdu\u00e7\u00e3o \u00e0 Engenharia de Requisitos Processo de Engenharia de &#8230; <a href=\"https:\/\/www.inf.ufes.br\/~jssalamon\/index.php\/ensino\/engenharia-de-requisitos-de-software\/\" class=\"more-link text-uppercase small\"><strong>Continue Reading<\/strong> <i class=\"fa fa-angle-double-right\" aria-hidden=\"true\"><\/i><\/a><\/p>\n","protected":false},"author":1,"featured_media":0,"parent":254,"menu_order":0,"comment_status":"closed","ping_status":"closed","template":"","meta":[],"_links":{"self":[{"href":"https:\/\/www.inf.ufes.br\/~jssalamon\/index.php\/wp-json\/wp\/v2\/pages\/537"}],"collection":[{"href":"https:\/\/www.inf.ufes.br\/~jssalamon\/index.php\/wp-json\/wp\/v2\/pages"}],"about":[{"href":"https:\/\/www.inf.ufes.br\/~jssalamon\/index.php\/wp-json\/wp\/v2\/types\/page"}],"author":[{"embeddable":true,"href":"https:\/\/www.inf.ufes.br\/~jssalamon\/index.php\/wp-json\/wp\/v2\/users\/1"}],"replies":[{"embeddable":true,"href":"https:\/\/www.inf.ufes.br\/~jssalamon\/index.php\/wp-json\/wp\/v2\/comments?post=537"}],"version-history":[{"count":62,"href":"https:\/\/www.inf.ufes.br\/~jssalamon\/index.php\/wp-json\/wp\/v2\/pages\/537\/revisions"}],"predecessor-version":[{"id":32082,"href":"https:\/\/www.inf.ufes.br\/~jssalamon\/index.php\/wp-json\/wp\/v2\/pages\/537\/revisions\/32082"}],"up":[{"embeddable":true,"href":"https:\/\/www.inf.ufes.br\/~jssalamon\/index.php\/wp-json\/wp\/v2\/pages\/254"}],"wp:attachment":[{"href":"https:\/\/www.inf.ufes.br\/~jssalamon\/index.php\/wp-json\/wp\/v2\/media?parent=537"}],"curies":[{"name":"wp","href":"https:\/\/api.w.org\/{rel}","templated":true}]}}