{"id":379,"date":"2018-07-20T00:38:54","date_gmt":"2018-07-20T03:38:54","guid":{"rendered":"http:\/\/www.inf.ufes.br\/~jssalamon\/?page_id=379"},"modified":"2019-09-25T09:35:25","modified_gmt":"2019-09-25T12:35:25","slug":"programacao","status":"publish","type":"page","link":"https:\/\/www.inf.ufes.br\/~jssalamon\/index.php\/ensino\/programacao\/","title":{"rendered":"Programa\u00e7\u00e3o"},"content":{"rendered":"<h3>Programa da Disciplina<\/h3>\n<p><a href=\"http:\/\/www.inf.ufes.br\/~jssalamon\/wp-content\/uploads\/20182\/prog\/INF09329%20-%20Programacao%20I%20_Jordana_%202018-2.pdf\">Programa Detalhado da Disciplina<\/a><\/p>\n<p><a href=\"http:\/\/www.inf.ufes.br\/~jssalamon\/wp-content\/uploads\/20182\/prog\/CRONOGRAMA%20DA%20DISCIPLINA.pdf\">Cronograma Detalhado da Disciplina<\/a><\/p>\n<p><span style=\"font-size: 14pt;\"><strong>Datas Importantes<\/strong><\/span><\/p>\n<table>\n<tbody>\n<tr>\n<td style=\"width: 117.102px;\"><\/td>\n<td style=\"width: 237.102px;\"><\/td>\n<\/tr>\n<tr>\n<td style=\"width: 117.102px;\"><\/td>\n<td style=\"width: 237.102px;\"><\/td>\n<\/tr>\n<tr>\n<td style=\"width: 117.102px;\"><\/td>\n<td style=\"width: 237.102px;\"><\/td>\n<\/tr>\n<tr>\n<td style=\"width: 117.102px;\"><\/td>\n<td style=\"width: 237.102px;\"><\/td>\n<\/tr>\n<\/tbody>\n<\/table>\n<h3>Contato do Monitor da Disciplina<\/h3>\n<p>Monitor da Disciplina:<br \/>\nE-mail:<br \/>\nHor\u00e1rio de Atendimento:<br \/>\nLocal de Atendimento:<br \/>\nAgendamento: Enviar um e-mail para o monitor para\u00a0agendar um hor\u00e1rio dentre os supracitados.<\/p>\n<h3><span style=\"font-size: 14pt;\">Trabalho<\/span><\/h3>\n<ul>\n<li><a href=\"http:\/\/www.inf.ufes.br\/~jssalamon\/wp-content\/uploads\/disciplinas\/prog\/trabalho\/TrabIFisicav1.2.pdf\">Especifica\u00e7\u00e3o do Trabalho<\/a><\/li>\n<li><a href=\"http:\/\/www.inf.ufes.br\/~jssalamon\/wp-content\/uploads\/disciplinas\/prog\/trabalho\/Bateria%20de%20testes.zip\">Bateria de Testes<\/a><\/li>\n<\/ul>\n<h3><span style=\"font-size: 14pt;\">Material<\/span><\/h3>\n<ul>\n<li><a href=\"https:\/\/panda.ime.usp.br\/panda\/static\/data\/codeblocks\/codeblocksintro.html\">Introdu\u00e7\u00e3o ao Code::Blocks<\/a><\/li>\n<li><a href=\"https:\/\/sourceforge.net\/projects\/codeblocks\/files\/Binaries\/13.12\/Windows\/codeblocks-13.12mingw-setup-TDM-GCC-481.exe\/download\">Code Blocks download<\/a><\/li>\n<li><a href=\"https:\/\/sourceforge.net\/projects\/visualg30\/\">VisualG download<\/a><\/li>\n<li><a href=\"http:\/\/manual.visualg3.com.br\/doku.php?id=manual\">Manual VisualG<\/a><\/li>\n<\/ul>\n<h4><span style=\"font-size: 14pt;\">Aulas<\/span><\/h4>\n<ul>\n<li><a href=\"http:\/\/www.inf.ufes.br\/~jssalamon\/wp-content\/uploads\/disciplinas\/prog\/slides\/Slide%201%20-%20Apresenta%C3%A7%C3%A3o.pdf\">Apresenta\u00e7\u00e3o<\/a><\/li>\n<li><a href=\"http:\/\/www.inf.ufes.br\/~jssalamon\/wp-content\/uploads\/disciplinas\/prog\/slides\/Slide%202%20-%20Introdu%C3%A7%C3%A3o.pdf\">Introdu\u00e7\u00e3o<\/a><\/li>\n<li><a href=\"http:\/\/www.inf.ufes.br\/~jssalamon\/wp-content\/uploads\/disciplinas\/prog\/slides\/Slide%203%20-%20Fluxograma.pdf\">Fluxograma<\/a><\/li>\n<li><a href=\"http:\/\/www.inf.ufes.br\/~jssalamon\/wp-content\/uploads\/disciplinas\/prog\/slides\/Slide%204%20-%20Peseudoc%C3%B3digo.pdf\">Pseudoc\u00f3digo<\/a><\/li>\n<li><a href=\"http:\/\/www.inf.ufes.br\/~jssalamon\/wp-content\/uploads\/disciplinas\/prog\/slides\/Slide%205%20-%20La%C3%A7os%20de%20Repeti%C3%A7%C3%A3o.pdf\">La\u00e7os de Repeti\u00e7\u00e3o<\/a><\/li>\n<li><a href=\"http:\/\/www.inf.ufes.br\/~jssalamon\/wp-content\/uploads\/disciplinas\/prog\/slides\/Slide%206%20-%20Vetor.pdf\">Vetor<\/a><\/li>\n<li><a href=\"http:\/\/www.inf.ufes.br\/~jssalamon\/wp-content\/uploads\/disciplinas\/prog\/slides\/Slide%207%20-%20Introdu%C3%A7%C3%A3o%20a%20C.pdf\">Introdu\u00e7\u00e3o a C<\/a><\/li>\n<li><a href=\"http:\/\/www.inf.ufes.br\/~jssalamon\/wp-content\/uploads\/disciplinas\/prog\/slides\/Slide%208%20-%20Vetores%20em%20C.pdf\">Vetores em C<\/a><\/li>\n<li><a href=\"http:\/\/www.inf.ufes.br\/~jssalamon\/wp-content\/uploads\/disciplinas\/prog\/slides\/Slide%209%20-%20Switch-case%20e%20Exerc%C3%ADcios.pdf\">Switch-Case<\/a><\/li>\n<li><a href=\"http:\/\/www.inf.ufes.br\/~jssalamon\/wp-content\/uploads\/disciplinas\/prog\/slides\/Slide%2010%20-%20Fun%C3%A7%C3%B5es%20em%20C.pdf\">Fun\u00e7\u00f5es<\/a><\/li>\n<li><a href=\"http:\/\/www.inf.ufes.br\/~jssalamon\/wp-content\/uploads\/disciplinas\/prog\/slides\/Slide%2011%20-%20Matrizes%20em%20C.pdf\">Matrizes<\/a><\/li>\n<li>Material extra:\n<ul>\n<li><a href=\"http:\/\/www.inf.ufes.br\/~jssalamon\/wp-content\/uploads\/disciplinas\/prog\/slides\/Slide%2012%20-%20Ponteiros.pdf\">Ponteiros<\/a><\/li>\n<li><a href=\"http:\/\/www.inf.ufes.br\/~jssalamon\/wp-content\/uploads\/disciplinas\/prog\/slides\/Slide%2013%20-%20Aloca%C3%A7%C3%A3o%20din%C3%A2mica.pdf\">Aloca\u00e7\u00e3o Din\u00e2mica<\/a><\/li>\n<li><a href=\"http:\/\/www.inf.ufes.br\/~jssalamon\/wp-content\/uploads\/disciplinas\/prog\/slides\/Slide%2014%20-%20Arquivos.pdf\">Arquivos<\/a><\/li>\n<\/ul>\n<\/li>\n<\/ul>\n<h4><span style=\"font-size: 14pt;\">Listas de Exerc\u00edcios<\/span><\/h4>\n<ol>\n<li><a href=\"http:\/\/www.inf.ufes.br\/~jssalamon\/wp-content\/uploads\/disciplinas\/prog\/exercicios\/Exerc%C3%ADcios%20Pseudoc%C3%B3digo.pdf\">Exerc\u00edcios Pseudoc\u00f3digo<\/a><\/li>\n<li><a href=\"http:\/\/www.inf.ufes.br\/~jssalamon\/wp-content\/uploads\/disciplinas\/prog\/exercicios\/primeira%20lista%20extra.rar\">Corre\u00e7\u00e3o Exerc\u00edcios Pseudoc\u00f3digo<\/a><\/li>\n<li><a href=\"http:\/\/www.inf.ufes.br\/~jssalamon\/wp-content\/uploads\/disciplinas\/prog\/exercicios\/PRIMEIRA%20LISTA%20DE%20EXERC%C3%8DCIOS%20DE%20PROGRAMA%C3%87%C3%83O%20I.pdf\">Primeira Lista de Exerc\u00edcios<\/a><\/li>\n<li><a href=\"http:\/\/www.inf.ufes.br\/~jssalamon\/wp-content\/uploads\/disciplinas\/prog\/exercicios\/Primeira%20Lista%20de%20Exerc%C3%ADcios.rar\">Corre\u00e7\u00e3o da Primeira Lista de Exerc\u00edcios<\/a><\/li>\n<li><a href=\"http:\/\/www.inf.ufes.br\/~jssalamon\/wp-content\/uploads\/disciplinas\/prog\/exercicios\/Aula-5-Loop-de-Repeti%C3%A7%C3%A3o.rar\">Exerc\u00edcios Loop de Repeti\u00e7\u00e3o<\/a><\/li>\n<li><a href=\"http:\/\/www.inf.ufes.br\/~jssalamon\/wp-content\/uploads\/disciplinas\/prog\/exercicios\/Aula-6-Vetor.rar\">Exerc\u00edcios Vetor (1 a 4)<\/a><\/li>\n<li><a href=\"http:\/\/www.inf.ufes.br\/~jssalamon\/wp-content\/uploads\/disciplinas\/prog\/exercicios\/Laborat%C3%B3rio%201%20-%20lista%20de%20exerc%C3%ADcios%20de%20programa%C3%A7%C3%A3o.pdf\">Primeira Lista de Exerc\u00edcios de Laborat\u00f3rio<\/a><\/li>\n<li><a href=\"http:\/\/www.inf.ufes.br\/~jssalamon\/wp-content\/uploads\/disciplinas\/prog\/exercicios\/fib.c\">C\u00f3digo do Exerc\u00edcio 4 da Primeira Lista de Laborat\u00f3rio<\/a><\/li>\n<li><a href=\"http:\/\/www.inf.ufes.br\/~jssalamon\/wp-content\/uploads\/disciplinas\/prog\/exercicios\/Segunda%20Lista%20de%20Exerc%C3%ADcios.pdf\">Segunda Lista de Laborat\u00f3rio<\/a><\/li>\n<li><a href=\"http:\/\/www.inf.ufes.br\/~jssalamon\/wp-content\/uploads\/disciplinas\/prog\/exercicios\/Exerc%C3%ADcios%20aula%2007-11-2018.pdf\">Exerc\u00edcios aula<\/a><\/li>\n<li><a href=\"http:\/\/www.inf.ufes.br\/~jssalamon\/wp-content\/uploads\/disciplinas\/prog\/exercicios\/exerc_1.c\">C\u00f3digo Multiplica\u00e7\u00e3o de Matrizes<\/a><\/li>\n<li><a href=\"http:\/\/www.inf.ufes.br\/~jssalamon\/wp-content\/uploads\/disciplinas\/prog\/exercicios\/lista3.zip\">Terceira Lista de Laborat\u00f3rio<\/a><\/li>\n<\/ol>\n<h4><span style=\"font-size: 14pt;\">Notas<\/span><\/h4>\n<p><span style=\"color: #339966;\">Todo o material aqui disponibilizado \u00e9 uma adapta\u00e7\u00e3o\u00a0feita pela profa. Jordana S. Salamon a partir do conte\u00fado dos slides da disciplina de Programa\u00e7\u00e3o 1 elaborados pelos prof. Gabriel Martins Miranda (<a href=\"https:\/\/www.inf.ufes.br\/~gmmiranda\/\">https:\/\/www.inf.ufes.br\/~gmmiranda\/<\/a>) para a referida disciplina ministrada nos cursos de F\u00edsica da UFES.<\/span><\/p>\n","protected":false},"excerpt":{"rendered":"<p>Programa da Disciplina Programa Detalhado da Disciplina Cronograma Detalhado da Disciplina Datas Importantes Contato do Monitor da Disciplina Monitor da Disciplina: E-mail: Hor\u00e1rio de Atendimento: Local de Atendimento: Agendamento: Enviar um e-mail para o monitor para\u00a0agendar um hor\u00e1rio dentre os supracitados. Trabalho Especifica\u00e7\u00e3o do Trabalho Bateria de Testes Material Introdu\u00e7\u00e3o ao Code::Blocks Code Blocks download &#8230; <a href=\"https:\/\/www.inf.ufes.br\/~jssalamon\/index.php\/ensino\/programacao\/\" class=\"more-link text-uppercase small\"><strong>Continue Reading<\/strong> <i class=\"fa fa-angle-double-right\" aria-hidden=\"true\"><\/i><\/a><\/p>\n","protected":false},"author":1,"featured_media":0,"parent":254,"menu_order":0,"comment_status":"closed","ping_status":"closed","template":"","meta":[],"_links":{"self":[{"href":"https:\/\/www.inf.ufes.br\/~jssalamon\/index.php\/wp-json\/wp\/v2\/pages\/379"}],"collection":[{"href":"https:\/\/www.inf.ufes.br\/~jssalamon\/index.php\/wp-json\/wp\/v2\/pages"}],"about":[{"href":"https:\/\/www.inf.ufes.br\/~jssalamon\/index.php\/wp-json\/wp\/v2\/types\/page"}],"author":[{"embeddable":true,"href":"https:\/\/www.inf.ufes.br\/~jssalamon\/index.php\/wp-json\/wp\/v2\/users\/1"}],"replies":[{"embeddable":true,"href":"https:\/\/www.inf.ufes.br\/~jssalamon\/index.php\/wp-json\/wp\/v2\/comments?post=379"}],"version-history":[{"count":39,"href":"https:\/\/www.inf.ufes.br\/~jssalamon\/index.php\/wp-json\/wp\/v2\/pages\/379\/revisions"}],"predecessor-version":[{"id":16101,"href":"https:\/\/www.inf.ufes.br\/~jssalamon\/index.php\/wp-json\/wp\/v2\/pages\/379\/revisions\/16101"}],"up":[{"embeddable":true,"href":"https:\/\/www.inf.ufes.br\/~jssalamon\/index.php\/wp-json\/wp\/v2\/pages\/254"}],"wp:attachment":[{"href":"https:\/\/www.inf.ufes.br\/~jssalamon\/index.php\/wp-json\/wp\/v2\/media?parent=379"}],"curies":[{"name":"wp","href":"https:\/\/api.w.org\/{rel}","templated":true}]}}