{"id":377,"date":"2018-07-20T00:38:03","date_gmt":"2018-07-20T03:38:03","guid":{"rendered":"http:\/\/www.inf.ufes.br\/~jssalamon\/?page_id=377"},"modified":"2020-02-17T12:23:47","modified_gmt":"2020-02-17T15:23:47","slug":"programacao-ii","status":"publish","type":"page","link":"https:\/\/www.inf.ufes.br\/~jssalamon\/index.php\/ensino\/programacao-ii\/","title":{"rendered":"Programa\u00e7\u00e3o II"},"content":{"rendered":"<h3>Programa da Disciplina<\/h3>\n<p><a href=\"http:\/\/www.inf.ufes.br\/~jssalamon\/wp-content\/uploads\/disciplinas\/prog2\/INF09330-ProgramacaoII-2019-2.pdf\">Programa Detalhado da Disciplina<\/a><\/p>\n<p><a href=\"http:\/\/www.inf.ufes.br\/~jssalamon\/wp-content\/uploads\/disciplinas\/prog2\/CRONOGRAMA%20DA%20DISCIPLINA.pdf\">Cronograma Detalhado da Disciplina<\/a><\/p>\n<p><span style=\"font-size: 14pt;\"><strong>Datas Importantes<\/strong><\/span><\/p>\n<table style=\"height: 120px;\">\n<tbody>\n<tr style=\"height: 24px;\">\n<td style=\"width: 184px; height: 24px;\">17\/09\/2019<\/td>\n<td style=\"width: 376px; height: 24px;\">Primeira prova<\/td>\n<\/tr>\n<tr style=\"height: 24px;\">\n<td style=\"width: 184px; height: 24px;\">31\/10\/2019<\/td>\n<td style=\"width: 376px; height: 24px;\">Segunda prova<\/td>\n<\/tr>\n<tr style=\"height: 24px;\">\n<td style=\"width: 184px; height: 24px;\">10\/12\/2019<\/td>\n<td style=\"width: 376px; height: 24px;\">Terceira prova<\/td>\n<\/tr>\n<tr style=\"height: 24px;\">\n<td style=\"width: 184px; height: 24px;\">05\/12\/2019<\/td>\n<td style=\"width: 376px; height: 24px;\">Entrega do Trabalho<\/td>\n<\/tr>\n<tr style=\"height: 24px;\">\n<td style=\"width: 184px; height: 24px;\">17\/12\/2019<\/td>\n<td style=\"width: 376px; height: 24px;\">Prova final<\/td>\n<\/tr>\n<\/tbody>\n<\/table>\n<h3>Contato do Monitor da Disciplina<\/h3>\n<p>Monitor da Disciplina: Jean Pablo<br \/>E-mail: jeanpvmello@gmail.com<br \/>Local de Atendimento: Lcad 1, CT 9<br \/>Agendamento: Enviar um e-mail para o monitor para agendar um hor\u00e1rio.<\/p>\n<h3><span style=\"font-size: 14pt;\">Material<\/span><\/h3>\n<p><a href=\"https:\/\/www.youtube.com\/watch?v=WVLhm1AMeYE&amp;list=PLInBAd9OZCzzHBJjLFZzRl6DgUmOeG3H0\">Playlist Tutorial sobre o Git<\/a><\/p>\n<p><a href=\"http:\/\/pachecoandre.com.br\/2018\/10\/18\/mini-tutorial-git.html\">Tutorial em pdf sobre git<\/a><\/p>\n<p><a href=\"http:\/\/pachecoandre.com.br\/pages\/teaching\/prog_eng_civil#bibliografia\">Bibliografia e Video Aulas sobre C<\/a><\/p>\n<h4><span style=\"font-size: 14pt;\">Aulas<\/span><\/h4>\n<ul>\n<li><a href=\"http:\/\/www.inf.ufes.br\/~jssalamon\/wp-content\/uploads\/disciplinas\/prog2\/slides\/Slide%201%20-%20Apresenta%C3%A7%C3%A3o.pdf\">Apresenta\u00e7\u00e3o<\/a><\/li>\n<li><a href=\"http:\/\/www.inf.ufes.br\/~jssalamon\/wp-content\/uploads\/disciplinas\/prog2\/slides\/Slide%202%20-%20Introdu%C3%A7%C3%A3o.pdf\">Introdu\u00e7\u00e3o<\/a><\/li>\n<li><a href=\"http:\/\/www.inf.ufes.br\/~jssalamon\/wp-content\/uploads\/disciplinas\/prog2\/slides\/Slide%203%20-%20Introdu%C3%A7%C3%A3o%20a%20C.pdf\">Introdu\u00e7\u00e3o \u00e0 Linguagem C<\/a><\/li>\n<li><a href=\"http:\/\/www.inf.ufes.br\/~jssalamon\/wp-content\/uploads\/disciplinas\/prog2\/slides\/Slide%204%20-%20Exerc%C3%ADcios.pdf\">Exerc\u00edcios<\/a><\/li>\n<li><a href=\"http:\/\/www.inf.ufes.br\/~jssalamon\/wp-content\/uploads\/disciplinas\/prog2\/slides\/Slide%205%20-%20Estruturas%20de%20Repeti%C3%A7%C3%A3o.pdf\">Estruturas de Repeti\u00e7\u00e3o<\/a><\/li>\n<li><a href=\"http:\/\/www.inf.ufes.br\/~jssalamon\/wp-content\/uploads\/disciplinas\/prog2\/slides\/Slide%206%20-%20Fun%C3%A7%C3%B5es.pdf\">Fun\u00e7\u00f5es<\/a><\/li>\n<li><a href=\"http:\/\/www.inf.ufes.br\/~jssalamon\/wp-content\/uploads\/disciplinas\/prog2\/slides\/Slide%208%20-%20Vetores.pdf\">Vetores<\/a><\/li>\n<li><a href=\"http:\/\/www.inf.ufes.br\/~jssalamon\/wp-content\/uploads\/disciplinas\/prog2\/slides\/Slide%2010%20-%20Strings.pdf\">String<\/a><\/li>\n<li><a href=\"http:\/\/www.inf.ufes.br\/~jssalamon\/wp-content\/uploads\/disciplinas\/prog2\/slides\/Slide%2011%20-%20Matrizes.pdf\">Matrizes<\/a><\/li>\n<li><a href=\"http:\/\/www.inf.ufes.br\/~jssalamon\/wp-content\/uploads\/disciplinas\/prog2\/slides\/Slide%2014%20-%20Arquivos.pdf\">Arquivos<\/a><\/li>\n<li><a href=\"http:\/\/www.inf.ufes.br\/~jssalamon\/wp-content\/uploads\/disciplinas\/prog2\/slides\/Slide%2015%20-%20Estruturas%20de%20Dados.pdf\">Estruturas de Dados<\/a><\/li>\n<\/ul>\n<h4><span style=\"font-size: 14pt;\">Listas de Exerc\u00edcios<\/span><\/h4>\n<ol>\n<li><a href=\"http:\/\/www.inf.ufes.br\/~jssalamon\/wp-content\/uploads\/disciplinas\/prog2\/exercicios\/primeira%20lista%20de%20exerc%C3%ADcios%20de%20programa%C3%A7%C3%A3o.pdf\">Primeira Lista de Exerc\u00edcios<\/a><\/li>\n<li><a href=\"http:\/\/www.inf.ufes.br\/~jssalamon\/wp-content\/uploads\/disciplinas\/prog2\/exercicios\/segunda%20lista%20de%20exerc%C3%ADcios.pdf\">Segunda Lista de Exerc\u00edcios<\/a><\/li>\n<li><a href=\"http:\/\/www.inf.ufes.br\/~jssalamon\/wp-content\/uploads\/disciplinas\/prog2\/exercicios\/terceira%20lista%20de%20exerc%C3%ADcios.pdf\">Terceira Lista de Exerc\u00edcios<\/a><\/li>\n<li><a href=\"http:\/\/www.inf.ufes.br\/~jssalamon\/wp-content\/uploads\/disciplinas\/prog2\/exercicios\/Lista%20Extra%20de%20Programa%C3%A7%C3%A3o%20II.pdf\">Lista extra para primeira prova<\/a><\/li>\n<li><a href=\"http:\/\/www.inf.ufes.br\/~jssalamon\/wp-content\/uploads\/disciplinas\/prog2\/exercicios\/Segunda%20Lista%20Extra%20de%20Programa%C3%A7%C3%A3o%20II.pdf\">Segunda lista extra para primeira prova<\/a><\/li>\n<li><a href=\"http:\/\/www.inf.ufes.br\/~jssalamon\/wp-content\/uploads\/disciplinas\/prog2\/exercicios\/Terceira%20lista%20extra%20de%20Programa%C3%A7%C3%A3o%20II.pdf\">Terceira lista extra para primeira prova<\/a><\/li>\n<li><a href=\"http:\/\/www.inf.ufes.br\/~jssalamon\/wp-content\/uploads\/disciplinas\/prog2\/exercicios\/Quarta%20Lista%20extra%20de%20Programa%C3%A7%C3%A3o%20II.pdf\">Quarta lista extra para primeira prova<\/a><\/li>\n<li><a href=\"http:\/\/www.inf.ufes.br\/~jssalamon\/wp-content\/uploads\/disciplinas\/prog2\/exercicios\/quarta%20lista%20de%20exerc%C3%ADcios.pdf\">Quarta Lista de Exerc\u00edcios<\/a><\/li>\n<li><a href=\"http:\/\/www.inf.ufes.br\/~jssalamon\/wp-content\/uploads\/disciplinas\/prog2\/exercicios\/Quinta%20Lista%20de%20Exerc%C3%ADcios%20de%20Prog2.pdf\">Quinta Lista de Exerc\u00edcios<\/a><\/li>\n<li><a href=\"http:\/\/www.inf.ufes.br\/~jssalamon\/wp-content\/uploads\/disciplinas\/prog2\/exercicios\/Sexta%20lista%20de%20exerc%C3%ADcios.pdf\">Sexta Lista de Exerc\u00edcios<\/a><\/li>\n<li><a href=\"http:\/\/www.inf.ufes.br\/~jssalamon\/wp-content\/uploads\/disciplinas\/prog2\/exercicios\/S%C3%A9tima%20Lista%20de%20Exerc%C3%ADcios.pdf\">S\u00e9tima Lista de Exerc\u00edcios<\/a><\/li>\n<li><a href=\"http:\/\/www.inf.ufes.br\/~jssalamon\/wp-content\/uploads\/disciplinas\/prog2\/exercicios\/Exerc%C3%ADcios%20extras%20segunda%20prova.zip\">Exerc\u00edcios extras para segunda prova<\/a><\/li>\n<li><a href=\"http:\/\/www.inf.ufes.br\/~jssalamon\/wp-content\/uploads\/disciplinas\/prog2\/exercicios\/Lista9.zip\">Nona Lista de Exerc\u00edcios<\/a><\/li>\n<li><a href=\"http:\/\/www.inf.ufes.br\/~jssalamon\/wp-content\/uploads\/disciplinas\/prog2\/exercicios\/Decima%20Lista%20de%20Exerc%C3%ADcios%20de%20Programa%C3%A7%C3%A3o.pdf\">D\u00e9cima Lista de Exerc\u00edcios<\/a><\/li>\n<li><a href=\"http:\/\/www.inf.ufes.br\/~jssalamon\/wp-content\/uploads\/disciplinas\/prog2\/exercicios\/Exerc%C3%ADcios%20extras%20para%20terceira%20prova.zip\">Exerc\u00edcios extras para terceira prova<\/a><\/li>\n<li><a href=\"http:\/\/www.inf.ufes.br\/~jssalamon\/wp-content\/uploads\/disciplinas\/prog2\/exercicios\/Lista%20para%20a%20prova%20final.pdf\">Lista para prova final<\/a><\/li>\n<\/ol>\n<h4><span style=\"font-size: 14pt;\">Resolu\u00e7\u00f5es das Listas de Exerc\u00edcios<\/span><\/h4>\n<ol style=\"list-style-type: lower-alpha;\">\n<li><a href=\"http:\/\/www.inf.ufes.br\/~jssalamon\/wp-content\/uploads\/disciplinas\/prog2\/codigos\/Lista1.rar\">Resolu\u00e7\u00e3o da Primeira Lista<\/a><\/li>\n<li><a href=\"http:\/\/www.inf.ufes.br\/~jssalamon\/wp-content\/uploads\/disciplinas\/prog2\/codigos\/Lista2.rar\">Resolu\u00e7\u00e3o da Segunda Lista<\/a><\/li>\n<li><a href=\"http:\/\/www.inf.ufes.br\/~jssalamon\/wp-content\/uploads\/disciplinas\/prog2\/codigos\/Lista3.rar\">Resolu\u00e7\u00e3o da Terceira Lista<\/a><\/li>\n<li><a href=\"http:\/\/www.inf.ufes.br\/~jssalamon\/wp-content\/uploads\/disciplinas\/prog2\/codigos\/Lista3.1.rar\"> Resolu\u00e7\u00e3o da Lista 3.1<\/a><\/li>\n<li><a href=\"http:\/\/www.inf.ufes.br\/~jssalamon\/wp-content\/uploads\/disciplinas\/prog2\/codigos\/Lista4.zip\">Resolu\u00e7\u00e3o da Quarta Lista<\/a><\/li>\n<li><a href=\"http:\/\/www.inf.ufes.br\/~jssalamon\/wp-content\/uploads\/disciplinas\/prog2\/codigos\/Lista5.zip\">Resolu\u00e7\u00e3o da Quinta Lista<\/a><\/li>\n<li><a href=\"http:\/\/www.inf.ufes.br\/~jssalamon\/wp-content\/uploads\/disciplinas\/prog2\/codigos\/Lista6.zip\">Resolu\u00e7\u00e3o da Sexta Lista<\/a><\/li>\n<li><a href=\"http:\/\/www.inf.ufes.br\/~jssalamon\/wp-content\/uploads\/disciplinas\/prog2\/codigos\/Lista7.zip\">Resolu\u00e7\u00e3o da S\u00e9tima Lista<\/a><\/li>\n<li>Resolu\u00e7\u00e3o da Nona Lista<\/li>\n<li><a href=\"http:\/\/www.inf.ufes.br\/~jssalamon\/wp-content\/uploads\/disciplinas\/prog2\/codigos\/Lista10.zip\">Resolu\u00e7\u00e3o da D\u00e9cima Lista<\/a><\/li>\n<\/ol>\n<h3><span style=\"font-size: 14pt;\">Especifica\u00e7\u00e3o do Trabalho<\/span><\/h3>\n<p><a href=\"http:\/\/www.inf.ufes.br\/~jssalamon\/wp-content\/uploads\/disciplinas\/prog2\/trabalho\/Especifica%C3%A7%C3%A3o%20do%20Trabalho%20de%20Programa%C3%A7%C3%A3o%20II.pdf\">Especifica\u00e7\u00e3o do Trabalho<\/a><\/p>\n<p><a href=\"http:\/\/www.inf.ufes.br\/~jssalamon\/wp-content\/uploads\/disciplinas\/prog2\/trabalho\/entradas_e_saida.zip\">Bateria de Testes<\/a><\/p>\n<p><span style=\"color: #339966;\">Todo o material aqui disponibilizado \u00e9 uma adapta\u00e7\u00e3o\u00a0feita pela profa. Jordana S. Salamon a partir do conte\u00fado dos slides da disciplina de Programa\u00e7\u00e3o 2 elaborados pela profa. Maria Cl\u00e1udia Silva Boeres (<a href=\"https:\/\/www.inf.ufes.br\/~boeres\/\">https:\/\/www.inf.ufes.br\/~boeres\/<\/a>) e da disciplina Programa\u00e7\u00e3o B\u00e1sica de Computadores elaborados pelo prof. Gabriel Martins Miranda <a href=\"http:\/\/inf.ufes.br\/~gmmiranda\">(http:\/\/inf.ufes.br\/~gmmiranda<\/a>) para a disciplina de Programa\u00e7\u00e3o II ministrada no curso de Ci\u00eancia da Computa\u00e7\u00e3o da UFES.<\/span><\/p>\n\n\n<p><\/p>\n","protected":false},"excerpt":{"rendered":"<p>Programa da Disciplina Programa Detalhado da Disciplina Cronograma Detalhado da Disciplina Datas Importantes 17\/09\/2019 Primeira prova 31\/10\/2019 Segunda prova 10\/12\/2019 Terceira prova 05\/12\/2019 Entrega do Trabalho 17\/12\/2019 Prova final Contato do Monitor da Disciplina Monitor da Disciplina: Jean PabloE-mail: jeanpvmello@gmail.comLocal de Atendimento: Lcad 1, CT 9Agendamento: Enviar um e-mail para o monitor para agendar um &#8230; <a href=\"https:\/\/www.inf.ufes.br\/~jssalamon\/index.php\/ensino\/programacao-ii\/\" class=\"more-link text-uppercase small\"><strong>Continue Reading<\/strong> <i class=\"fa fa-angle-double-right\" aria-hidden=\"true\"><\/i><\/a><\/p>\n","protected":false},"author":1,"featured_media":0,"parent":254,"menu_order":0,"comment_status":"closed","ping_status":"closed","template":"","meta":[],"_links":{"self":[{"href":"https:\/\/www.inf.ufes.br\/~jssalamon\/index.php\/wp-json\/wp\/v2\/pages\/377"}],"collection":[{"href":"https:\/\/www.inf.ufes.br\/~jssalamon\/index.php\/wp-json\/wp\/v2\/pages"}],"about":[{"href":"https:\/\/www.inf.ufes.br\/~jssalamon\/index.php\/wp-json\/wp\/v2\/types\/page"}],"author":[{"embeddable":true,"href":"https:\/\/www.inf.ufes.br\/~jssalamon\/index.php\/wp-json\/wp\/v2\/users\/1"}],"replies":[{"embeddable":true,"href":"https:\/\/www.inf.ufes.br\/~jssalamon\/index.php\/wp-json\/wp\/v2\/comments?post=377"}],"version-history":[{"count":74,"href":"https:\/\/www.inf.ufes.br\/~jssalamon\/index.php\/wp-json\/wp\/v2\/pages\/377\/revisions"}],"predecessor-version":[{"id":28210,"href":"https:\/\/www.inf.ufes.br\/~jssalamon\/index.php\/wp-json\/wp\/v2\/pages\/377\/revisions\/28210"}],"up":[{"embeddable":true,"href":"https:\/\/www.inf.ufes.br\/~jssalamon\/index.php\/wp-json\/wp\/v2\/pages\/254"}],"wp:attachment":[{"href":"https:\/\/www.inf.ufes.br\/~jssalamon\/index.php\/wp-json\/wp\/v2\/media?parent=377"}],"curies":[{"name":"wp","href":"https:\/\/api.w.org\/{rel}","templated":true}]}}