{"id":266,"date":"2017-04-07T14:27:37","date_gmt":"2017-04-07T14:27:37","guid":{"rendered":"http:\/\/www.inf.ufes.br\/~jssalamon\/?page_id=266"},"modified":"2022-06-02T21:52:01","modified_gmt":"2022-06-03T00:52:01","slug":"home","status":"publish","type":"page","link":"https:\/\/www.inf.ufes.br\/~jssalamon\/","title":{"rendered":"About Me"},"content":{"rendered":"<p class=\"entry-title\" style=\"text-align: justify;\">Jordana Sarmenghi Salamon foi Professora Substituta pelo Departamento de Inform\u00e1tica (DI) da Universidade Federal do Esp\u00edrito Santo de 08\/2018 at\u00e9 07\/2020. Atualmente \u00e9 doutoranda pelo Programa de P\u00f3s-Gradua\u00e7\u00e3o em Inform\u00e1tica (PPGI) da mesma universidade. Possui gradua\u00e7\u00e3o em Ci\u00eancia da Computa\u00e7\u00e3o e Mestrado em Inform\u00e1tica pelo Programa de P\u00f3s-Gradua\u00e7\u00e3o em Inform\u00e1tica (PPGI) tamb\u00e9m pela mesma universidade. Tem desenvolvido pesquisa referente a Integra\u00e7\u00e3o de Ontologias e tem experi\u00eancia em Modelagem Conceitual, Ontologias, Web Sem\u00e2ntica e Medi\u00e7\u00e3o de Software. Atuou como professora em est\u00e1gio docente durante um semestre, atuou durante um ano em Projetos de Pesquisa e Desenvolvimento (P&amp;D) com a empresa Padtec e atuou durante dois anos em um Projeto de Pesquisa sobre Seguran\u00e7a P\u00fablica no Estado do Esp\u00edrito Santo. Atualmente \u00e9 membro do N\u00facleo de Estudos em Modelagem Conceitual e Ontologias (NEMO) na Universidade Federal do Esp\u00edrito Santo.<\/p>\n<p class=\"entry-title\" style=\"text-align: justify;\">Jordana Sarmenghi Salamon was a substitute professor in the Informatics Department at the Federal University of Esp\u00edrito Santo from 08\/2018 until 07\/2020. She is currently a doctoral student in the Graduate Program in Informatics (PPGI) at the same university. She holds a degree in Computer Science and a Masters degree in Informatics from the Postgraduate Program in Informatics (PPGI) also from the same university. Develops research on Ontology Integration and has experience in Conceptual Modeling, Ontologies, Semantic Web and Software Measurement. She was a teacher in a teaching internship for one semester (2017\/1). She worked in Research and Development Projects (R &amp; D) for a year with the company Padtec and worked for two years on a Research Project on Public Safety in the State of Esp\u00edrito Santo. She is currently a member of the Nucleus of Conceptual Modeling and Ontology Studies (NEMO) at the Federal University of Esp\u00edrito Santo.<\/p>\n<div class=\"entry\">\n<div class=\"row\">\n<div class=\"col-md-2\">\n<p style=\"text-align: left;\"><img class=\"alignnone size-thumbnail wp-image-477 img-responsive\" src=\"http:\/\/www.inf.ufes.br\/~jssalamon\/wp-content\/uploads\/photo.JPEG\" alt=\"\" \/><\/p>\n<\/div>\n<div class=\"col-md-10\">\n<p style=\"text-align: justify;\"><strong>LinkedIn: <\/strong><a title=\"LinkedIn\" href=\"https:\/\/www.linkedin.com\/in\/jordana-sarmenghi-salamon-4321bb77\/\" target=\"_blank\" rel=\"noopener noreferrer\">https:\/\/www.linkedin.com\/in\/jordanasalamon\/<\/a><\/p>\n<p style=\"text-align: justify;\"><strong>Research Gate: <\/strong><a title=\"Lattes\" href=\"https:\/\/www.researchgate.net\/profile\/Jordana_Salamon\" target=\"_blank\" rel=\"noopener noreferrer\">https:\/\/www.researchgate.net\/profile\/Jordana_Salamon<\/a><\/p>\n<p style=\"text-align: justify;\"><strong>Lattes: <\/strong><a title=\"Lattes\" href=\"http:\/\/lattes.cnpq.br\/7080841392494832\" target=\"_blank\" rel=\"noopener noreferrer\">http:\/\/lattes.cnpq.br\/7080841392494832<\/a><\/p>\n<p style=\"text-align: justify;\"><strong>Emails:\u00a0<\/strong> <img src=\"http:\/\/www.inf.ufes.br\/~jssalamon\/wp-content\/uploads\/emails.png\" alt=\"\" \/><\/p>\n<p><strong>Endere\u00e7o:<\/strong>N\u00facleo de Estudos em Modelagem Conceitual e Ontologias<br \/>\nAv. Fernando Ferrari, 514<br \/>\nUFES, CT-7, Depto. Inform\u00e1tica, Sala 11<br \/>\nGoiabeiras \u2013 Vit\u00f3ria, ES \u2013 29075-910<br \/>\nBRAZIL<\/p>\n<\/div>\n<\/div>\n<\/div>\n","protected":false},"excerpt":{"rendered":"<p>Jordana Sarmenghi Salamon foi Professora Substituta pelo Departamento de Inform\u00e1tica (DI) da Universidade Federal do Esp\u00edrito Santo de 08\/2018 at\u00e9 07\/2020. Atualmente \u00e9 doutoranda pelo Programa de P\u00f3s-Gradua\u00e7\u00e3o em Inform\u00e1tica (PPGI) da mesma universidade. Possui gradua\u00e7\u00e3o em Ci\u00eancia da Computa\u00e7\u00e3o e Mestrado em Inform\u00e1tica pelo Programa de P\u00f3s-Gradua\u00e7\u00e3o em Inform\u00e1tica (PPGI) tamb\u00e9m pela mesma universidade. &#8230; <a href=\"https:\/\/www.inf.ufes.br\/~jssalamon\/\" class=\"more-link text-uppercase small\"><strong>Continue Reading<\/strong> <i class=\"fa fa-angle-double-right\" aria-hidden=\"true\"><\/i><\/a><\/p>\n","protected":false},"author":1,"featured_media":0,"parent":0,"menu_order":0,"comment_status":"closed","ping_status":"closed","template":"","meta":[],"_links":{"self":[{"href":"https:\/\/www.inf.ufes.br\/~jssalamon\/index.php\/wp-json\/wp\/v2\/pages\/266"}],"collection":[{"href":"https:\/\/www.inf.ufes.br\/~jssalamon\/index.php\/wp-json\/wp\/v2\/pages"}],"about":[{"href":"https:\/\/www.inf.ufes.br\/~jssalamon\/index.php\/wp-json\/wp\/v2\/types\/page"}],"author":[{"embeddable":true,"href":"https:\/\/www.inf.ufes.br\/~jssalamon\/index.php\/wp-json\/wp\/v2\/users\/1"}],"replies":[{"embeddable":true,"href":"https:\/\/www.inf.ufes.br\/~jssalamon\/index.php\/wp-json\/wp\/v2\/comments?post=266"}],"version-history":[{"count":29,"href":"https:\/\/www.inf.ufes.br\/~jssalamon\/index.php\/wp-json\/wp\/v2\/pages\/266\/revisions"}],"predecessor-version":[{"id":35369,"href":"https:\/\/www.inf.ufes.br\/~jssalamon\/index.php\/wp-json\/wp\/v2\/pages\/266\/revisions\/35369"}],"wp:attachment":[{"href":"https:\/\/www.inf.ufes.br\/~jssalamon\/index.php\/wp-json\/wp\/v2\/media?parent=266"}],"curies":[{"name":"wp","href":"https:\/\/api.w.org\/{rel}","templated":true}]}}