{"id":263,"date":"2017-04-07T13:57:13","date_gmt":"2017-04-07T13:57:13","guid":{"rendered":"http:\/\/www.inf.ufes.br\/~jssalamon\/?page_id=263"},"modified":"2019-09-30T16:06:28","modified_gmt":"2019-09-30T19:06:28","slug":"introcomp","status":"publish","type":"page","link":"https:\/\/www.inf.ufes.br\/~jssalamon\/index.php\/ensino\/introcomp\/","title":{"rendered":"Introdu\u00e7\u00e3o \u00e0 Computa\u00e7\u00e3o"},"content":{"rendered":"<h3>Programa da Disciplina<\/h3>\n<p><a href=\"http:\/\/www.inf.ufes.br\/~jssalamon\/wp-content\/uploads\/disciplinas\/introcomp\/Programa%20da%20Disciplina%202018-2.pdf\">Programa Detalhado da Disciplina<\/a><\/p>\n<p><a href=\"http:\/\/www.inf.ufes.br\/~jssalamon\/wp-content\/uploads\/disciplinas\/introcomp\/CRONOGRAMA%20DA%20DISCIPLINA.pdf\">Cronograma Detalhado da Disciplina<\/a><\/p>\n<p><span style=\"font-size: 14pt;\"><strong>Datas Importantes<\/strong><\/span><\/p>\n<table>\n<tbody>\n<tr>\n<td style=\"width: 117.102px;\"><\/td>\n<td style=\"width: 237.102px;\"><\/td>\n<\/tr>\n<tr>\n<td style=\"width: 117.102px;\"><\/td>\n<td style=\"width: 237.102px;\"><\/td>\n<\/tr>\n<tr>\n<td style=\"width: 117.102px;\"><\/td>\n<td style=\"width: 237.102px;\"><\/td>\n<\/tr>\n<tr>\n<td style=\"width: 117.102px;\"><\/td>\n<td style=\"width: 237.102px;\"><\/td>\n<\/tr>\n<tr>\n<td style=\"width: 117.102px;\"><\/td>\n<td style=\"width: 237.102px;\"><\/td>\n<\/tr>\n<tr>\n<td style=\"width: 117.102px;\"><\/td>\n<td style=\"width: 237.102px;\"><\/td>\n<\/tr>\n<tr>\n<td style=\"width: 117.102px;\"><\/td>\n<td style=\"width: 237.102px;\"><\/td>\n<\/tr>\n<tr>\n<td style=\"width: 117.102px;\"><\/td>\n<td style=\"width: 237.102px;\"><\/td>\n<\/tr>\n<tr>\n<td style=\"width: 117.102px;\"><\/td>\n<td style=\"width: 237.102px;\"><\/td>\n<\/tr>\n<\/tbody>\n<\/table>\n<h4><span style=\"font-size: 14pt;\">Aulas<\/span><\/h4>\n<ul>\n<li><a href=\"http:\/\/www.inf.ufes.br\/~jssalamon\/wp-content\/uploads\/disciplinas\/introcomp\/slides\/Aula%205%20-%20Sistemas%20de%20Numera%C3%A7%C3%A3o.pdf\">Sistemas de Numera\u00e7\u00e3o<\/a><\/li>\n<li><a href=\"http:\/\/www.inf.ufes.br\/~jssalamon\/wp-content\/uploads\/disciplinas\/introcomp\/slides\/Aula%206%20-%20Aritm%C3%A9tica%20Bin%C3%A1ria.pdf\">Aritm\u00e9tica Bin\u00e1ria<\/a><\/li>\n<li><a href=\"http:\/\/www.inf.ufes.br\/~jssalamon\/wp-content\/uploads\/disciplinas\/introcomp\/slides\/Aula%207%20-%20No%C3%A7%C3%B5es%20de%20%C3%A1lgebra%20booleana.pdf\">\u00c1lgebra Booleana<\/a><\/li>\n<li><a href=\"http:\/\/www.inf.ufes.br\/~jssalamon\/wp-content\/uploads\/disciplinas\/introcomp\/slides\/Aula%208%20-%20No%C3%A7%C3%B5es%20de%20circuitos%20l%C3%B3gicos.pdf\">Circuitos L\u00f3gicos<\/a><\/li>\n<li><a href=\"http:\/\/www.inf.ufes.br\/~jssalamon\/wp-content\/uploads\/disciplinas\/introcomp\/slides\/Aula%2010%20-%20Introdu%C3%A7%C3%A3o%20a%20Arquitetura%20de%20Computadores.pdf\">Introdu\u00e7\u00e3o a Arquitetura de Computadores<\/a><\/li>\n<li><a href=\"http:\/\/www.inf.ufes.br\/~jssalamon\/wp-content\/uploads\/disciplinas\/introcomp\/slides\/Aula%2011%20-%20Introdu%C3%A7%C3%A3o%20a%20Sistemas%20Operacionais%20e%20Linux.pdf\">Introdu\u00e7\u00e3o a Sistemas Operacionais<\/a><\/li>\n<li><a href=\"http:\/\/www.inf.ufes.br\/~jssalamon\/wp-content\/uploads\/disciplinas\/introcomp\/slides\/Aula%2012%20-%20Introdu%C3%A7%C3%A3o%20a%20Redes.pdf\">Introdu\u00e7\u00e3o a Redes<\/a><\/li>\n<li><a href=\"http:\/\/www.inf.ufes.br\/~jssalamon\/wp-content\/uploads\/disciplinas\/introcomp\/slides\/Aula%2013%20-%20Internet%20como%20Aplica%C3%A7%C3%A3o.pdf\">Protocolos de Redes<\/a><\/li>\n<li><a href=\"http:\/\/www.inf.ufes.br\/~jssalamon\/wp-content\/uploads\/disciplinas\/introcomp\/slides\/Aula%2014%20-%20Seguran%C3%A7a%2C%20Criptografia%20e%20Privacidade.pdf\">Seguran\u00e7a, Criptografia e Privacidade<\/a><\/li>\n<li><a href=\"http:\/\/www.inf.ufes.br\/~jssalamon\/wp-content\/uploads\/disciplinas\/introcomp\/slides\/Aula%2015%20-%20Web%20Semantica.pdf\">Web Sem\u00e2ntica (Slide provido pelo professor Vitor Souza)<\/a><\/li>\n<\/ul>\n<h4>Materiais Extras<\/h4>\n<ul>\n<li><a href=\"https:\/\/www.ted.com\/talks\/john_graham_cumming_the_greatest_machine_that_never_was\">TED &#8211; Charles Babbage e Ada Lovelace<\/a><\/li>\n<li><a href=\"https:\/\/www.ted.com\/talks\/george_dyson_at_the_birth_of_the_computer\">TED &#8211; Von Neumann<\/a><\/li>\n<li><a href=\"https:\/\/www.youtube.com\/watch?v=ASfAPOiq_eQ\">Explicando a M\u00e1quina Enigma (Somente em ingl\u00eas)<\/a><\/li>\n<li><a href=\"https:\/\/www.youtube.com\/watch?v=Bpas8YUlXTA&amp;t=375s\">Nerdologia &#8211; Singularidade Humana<\/a><\/li>\n<li><a href=\"https:\/\/www.ted.com\/talks\/gary_kovacs_tracking_the_trackers#t-373866\">TED &#8211; Privacidade [1]<\/a><\/li>\n<li><a href=\"https:\/\/www.ted.com\/talks\/andy_yen_think_your_email_s_private_think_again\">TED &#8211; Privacidade [2]<\/a><\/li>\n<li><a href=\"https:\/\/www.ted.com\/talks\/glenn_greenwald_why_privacy_matters\">TED &#8211; Privacidade [3]<\/a><\/li>\n<li><a href=\"https:\/\/www.youtube.com\/watch?v=wZvDZfO13mA&amp;t=372s\">Nerdologia &#8211; Privacidade<\/a><\/li>\n<\/ul>\n<h4><span style=\"font-size: 14pt;\">Listas de Exerc\u00edcios<\/span><\/h4>\n<ol>\n<li><a href=\"http:\/\/www.inf.ufes.br\/~jssalamon\/wp-content\/uploads\/disciplinas\/introcomp\/exercicios\/PRIMEIRA%20LISTA%20DE%20EXERC%C3%8DCIOS%20DE%20INTRODU%C3%87%C3%83O%20%C3%80%20COMPUTA%C3%87%C3%83O.pdf\">Primeira Lista de Exerc\u00edcios<\/a><\/li>\n<li><a href=\"http:\/\/www.inf.ufes.br\/~jssalamon\/wp-content\/uploads\/disciplinas\/introcomp\/exercicios\/SEGUNDA%20LISTA%20DE%20EXERC%C3%8DCIOS%20DE%20INTRODU%C3%87%C3%83O%20A%20COMPUTA%C3%87%C3%83O.pdf\">Segunda Lista de Exerc\u00edcios<\/a><\/li>\n<li><a href=\"http:\/\/www.inf.ufes.br\/~jssalamon\/wp-content\/uploads\/disciplinas\/introcomp\/exercicios\/TERCEIRA%20LISTA%20DE%20EXERC%C3%8DCIOS%20DE%20INTRODU%C3%87%C3%83O%20A%20COMPUTA%C3%87%C3%83O.pdf\">Terceira Lista de Exerc\u00edcios<\/a><\/li>\n<li><a href=\"http:\/\/www.inf.ufes.br\/~jssalamon\/wp-content\/uploads\/disciplinas\/introcomp\/exercicios\/QUARTA%20LISTA%20DE%20EXERC%C3%8DCIOS%20DE%20INTRODU%C3%87%C3%83O%20%C3%80%20COMPUTA%C3%87%C3%83O.pdf\">Quarta Lista de Exerc\u00edcios<\/a><\/li>\n<li><a href=\"http:\/\/www.inf.ufes.br\/~jssalamon\/wp-content\/uploads\/disciplinas\/introcomp\/exercicios\/Aula%209%20-%20Exerc%C3%ADcios.pdf\">Lista de Exerc\u00edcios sobre Circuitos L\u00f3gicos<\/a><\/li>\n<li><a href=\"http:\/\/www.inf.ufes.br\/~jssalamon\/wp-content\/uploads\/disciplinas\/introcomp\/exercicios\/\/QUINTA%20LISTA%20DE%20EXERC%C3%8DCIOS.pdf\">Quinta Lista de Exerc\u00edcios<\/a><\/li>\n<li><a href=\"http:\/\/www.inf.ufes.br\/~jssalamon\/wp-content\/uploads\/disciplinas\/introcomp\/exercicios\/\/SEXTA%20LISTA%20DE%20EXERC%C3%8DCIOS%20DE%20INTRODU%C3%87%C3%83O%20%C3%80%20COMPUTA%C3%87%C3%83O.pdf\">Sexta Lista de Exerc\u00edcios<\/a><\/li>\n<li><a href=\"http:\/\/www.inf.ufes.br\/~jssalamon\/wp-content\/uploads\/disciplinas\/introcomp\/exercicios\/\/S%C3%89TIMA%20LISTA%20DE%20EXERC%C3%8DCIOS%20DE%20INTRODU%C3%87%C3%83O%20%C3%80%20COMPUTA%C3%87%C3%83O.pdf\">S\u00e9tima Lista de Exerc\u00edcios<\/a><\/li>\n<\/ol>\n<h4><span style=\"font-size: 14pt;\">Trabalho Pr\u00e1tico<\/span><\/h4>\n<ul>\n<li>Especifica\u00e7\u00e3o do Trabalho<\/li>\n<li>Modelo de Relat\u00f3rio do Trabalho<\/li>\n<\/ul>\n<p><span style=\"font-size: 14pt;\"><strong>DATAS&nbsp;<\/strong><\/span><\/p>\n<table style=\"width: 505px;\">\n<tbody>\n<tr>\n<td style=\"width: 117px;\"><\/td>\n<td style=\"width: 376px;\"><\/td>\n<\/tr>\n<tr>\n<td style=\"width: 117px;\"><\/td>\n<td style=\"width: 376px;\"><\/td>\n<\/tr>\n<tr>\n<td style=\"width: 117px;\"><\/td>\n<td style=\"width: 376px;\"><\/td>\n<\/tr>\n<tr>\n<td style=\"width: 117px;\"><\/td>\n<td style=\"width: 376px;\"><\/td>\n<\/tr>\n<\/tbody>\n<\/table>\n<p><span style=\"color: #339966;\">Todo o material aqui disponibilizado \u00e9 uma adapta\u00e7\u00e3o&nbsp;feita pela profa. Jordana S. Salamon a partir do conte\u00fado dos slides da disciplina de Introdu\u00e7\u00e3o \u00e0 Computa\u00e7\u00e3o elaborados pelo prof. Jos\u00e9 Gon\u00e7alves Pereira Filho (<a href=\"https:\/\/www.inf.ufes.br\/~zegonc\/\">https:\/\/www.inf.ufes.br\/~zegonc\/<\/a>)&nbsp;para a referida disciplina ministrada no curso de Ci\u00eancia da Computa\u00e7\u00e3o da UFES.<\/span><\/p>\n","protected":false},"excerpt":{"rendered":"<p>Programa da Disciplina Programa Detalhado da Disciplina Cronograma Detalhado da Disciplina Datas Importantes Aulas Sistemas de Numera\u00e7\u00e3o Aritm\u00e9tica Bin\u00e1ria \u00c1lgebra Booleana Circuitos L\u00f3gicos Introdu\u00e7\u00e3o a Arquitetura de Computadores Introdu\u00e7\u00e3o a Sistemas Operacionais Introdu\u00e7\u00e3o a Redes Protocolos de Redes Seguran\u00e7a, Criptografia e Privacidade Web Sem\u00e2ntica (Slide provido pelo professor Vitor Souza) Materiais Extras TED &#8211; Charles &#8230; <a href=\"https:\/\/www.inf.ufes.br\/~jssalamon\/index.php\/ensino\/introcomp\/\" class=\"more-link text-uppercase small\"><strong>Continue Reading<\/strong> <i class=\"fa fa-angle-double-right\" aria-hidden=\"true\"><\/i><\/a><\/p>\n","protected":false},"author":1,"featured_media":0,"parent":254,"menu_order":0,"comment_status":"closed","ping_status":"closed","template":"","meta":[],"_links":{"self":[{"href":"https:\/\/www.inf.ufes.br\/~jssalamon\/index.php\/wp-json\/wp\/v2\/pages\/263"}],"collection":[{"href":"https:\/\/www.inf.ufes.br\/~jssalamon\/index.php\/wp-json\/wp\/v2\/pages"}],"about":[{"href":"https:\/\/www.inf.ufes.br\/~jssalamon\/index.php\/wp-json\/wp\/v2\/types\/page"}],"author":[{"embeddable":true,"href":"https:\/\/www.inf.ufes.br\/~jssalamon\/index.php\/wp-json\/wp\/v2\/users\/1"}],"replies":[{"embeddable":true,"href":"https:\/\/www.inf.ufes.br\/~jssalamon\/index.php\/wp-json\/wp\/v2\/comments?post=263"}],"version-history":[{"count":49,"href":"https:\/\/www.inf.ufes.br\/~jssalamon\/index.php\/wp-json\/wp\/v2\/pages\/263\/revisions"}],"predecessor-version":[{"id":7274,"href":"https:\/\/www.inf.ufes.br\/~jssalamon\/index.php\/wp-json\/wp\/v2\/pages\/263\/revisions\/7274"}],"up":[{"embeddable":true,"href":"https:\/\/www.inf.ufes.br\/~jssalamon\/index.php\/wp-json\/wp\/v2\/pages\/254"}],"wp:attachment":[{"href":"https:\/\/www.inf.ufes.br\/~jssalamon\/index.php\/wp-json\/wp\/v2\/media?parent=263"}],"curies":[{"name":"wp","href":"https:\/\/api.w.org\/{rel}","templated":true}]}}