{"id":254,"date":"2017-04-07T13:23:06","date_gmt":"2017-04-07T13:23:06","guid":{"rendered":"http:\/\/www.inf.ufes.br\/~jssalamon\/?page_id=254"},"modified":"2021-02-26T09:27:16","modified_gmt":"2021-02-26T12:27:16","slug":"ensino","status":"publish","type":"page","link":"https:\/\/www.inf.ufes.br\/~jssalamon\/index.php\/ensino\/","title":{"rendered":"Teaching"},"content":{"rendered":"<ul style=\"list-style-type: circle;\">\n<li><span style=\"font-size: 18pt;\">2020\/2 &#8211; EARTE<\/span>\n<ul style=\"list-style-type: circle;\">\n<li>Gradua\u00e7\u00e3o (Ci\u00eancia da Computa\u00e7\u00e3o) -&gt; <a href=\"http:\/\/www.inf.ufes.br\/~jssalamon\/index.php\/ensino\/engenharia-de-software\/\">Engenharia de Software<\/a><\/li>\n<\/ul>\n<\/li>\n<li><span style=\"font-size: 18pt;\">2020\/1<\/span>\n<ul style=\"list-style-type: circle;\">\n<li>Gradua\u00e7\u00e3o (Ci\u00eancia da Computa\u00e7\u00e3o) -&gt; <a href=\"http:\/\/www.inf.ufes.br\/~jssalamon\/index.php\/ensino\/engenharia-de-requisitos-de-software\/\">Engenharia de Requisitos de Software<\/a><\/li>\n<li>Gradua\u00e7\u00e3o (Ci\u00eancia da Computa\u00e7\u00e3o e Engenharia de Computa\u00e7\u00e3o) -&gt; T\u00f3picos Especiais em Programa\u00e7\u00e3o I<\/li>\n<li>Gradua\u00e7\u00e3o (Engenharia de Computa\u00e7\u00e3o) -&gt; Engenharia de Software<\/li>\n<\/ul>\n<\/li>\n<li><span style=\"font-size: 18pt;\">2019\/2<\/span>\n<ul style=\"list-style-type: circle;\">\n<li>Gradua\u00e7\u00e3o (Ci\u00eancia da Computa\u00e7\u00e3o) -&gt; <a href=\"http:\/\/www.inf.ufes.br\/~jssalamon\/index.php\/ensino\/projeto-de-sistemas-de-software\/\">Projeto de Sistemas de Software<\/a><\/li>\n<li>Gradua\u00e7\u00e3o (Ci\u00eancia da Computa\u00e7\u00e3o e Engenharia de Computa\u00e7\u00e3o) -&gt; <a href=\"http:\/\/www.inf.ufes.br\/~jssalamon\/index.php\/ensino\/programacao-ii\/\">Programa\u00e7\u00e3o II<\/a><\/li>\n<li>Gradua\u00e7\u00e3o (Ci\u00eancia da Computa\u00e7\u00e3o e Engenharia de Computa\u00e7\u00e3o) -&gt; <a href=\"http:\/\/www.inf.ufes.br\/~jssalamon\/index.php\/ensino\/programacao-iii\/\">Programa\u00e7\u00e3o III<\/a><\/li>\n<li>Gradua\u00e7\u00e3o (Estat\u00edstica) -&gt; <a href=\"http:\/\/www.inf.ufes.br\/~jssalamon\/index.php\/ensino\/bancos-de-dados\/\">Bancos de Dados<\/a><\/li>\n<\/ul>\n<\/li>\n<li><span style=\"font-size: 18pt;\">2019\/1<\/span>\n<ul style=\"list-style-type: circle;\">\n<li>Gradua\u00e7\u00e3o (Ci\u00eancia da Computa\u00e7\u00e3o) -&gt; Engenharia de Requisitos de Software<\/li>\n<li>Gradua\u00e7\u00e3o (Ci\u00eancia da Computa\u00e7\u00e3o) -&gt; <a href=\"http:\/\/www.inf.ufes.br\/~jssalamon\/index.php\/ensino\/programacao-i\/\">Programa\u00e7\u00e3o I<\/a><\/li>\n<li>Gradua\u00e7\u00e3o (Ci\u00eancia da Computa\u00e7\u00e3o) -&gt;<a href=\"http:\/\/www.inf.ufes.br\/~jssalamon\/index.php\/ensino\/engenharia-de-software\/\"> Engenharia de Software<\/a><\/li>\n<li>Gradua\u00e7\u00e3o (Estat\u00edstica) -&gt; Bancos de Dados<\/li>\n<\/ul>\n<\/li>\n<li><span style=\"font-size: 18pt;\">2018\/2<\/span>\n<ul style=\"list-style-type: circle;\">\n<li>Gradua\u00e7\u00e3o (Ci\u00eancia da Computa\u00e7\u00e3o) -&gt;\u00a0Engenharia de Software<\/li>\n<li>Gradua\u00e7\u00e3o (Ci\u00eancia da Computa\u00e7\u00e3o) -&gt;\u00a0Programa\u00e7\u00e3o 2<\/li>\n<li>Gradua\u00e7\u00e3o (F\u00edsica) -&gt; <a href=\"http:\/\/www.inf.ufes.br\/~jssalamon\/index.php\/ensino\/programacao\/\">Programa\u00e7\u00e3o<\/a><\/li>\n<li>Gradua\u00e7\u00e3o (Ci\u00eancia da Computa\u00e7\u00e3o) -&gt;<a href=\"http:\/\/www.inf.ufes.br\/~jssalamon\/index.php\/ensino\/introcomp\/\">Introdu\u00e7\u00e3o \u00e0 Computa\u00e7\u00e3o<\/a><\/li>\n<\/ul>\n<\/li>\n<li><span style=\"font-size: 18pt;\">2017\/1<\/span>\n<ul style=\"list-style-type: circle;\">\n<li>Gradua\u00e7\u00e3o (Ci\u00eancia da Computa\u00e7\u00e3o) -&gt;\u00a0Introdu\u00e7\u00e3o \u00e0 Computa\u00e7\u00e3o<\/li>\n<\/ul>\n<\/li>\n<\/ul>\n","protected":false},"excerpt":{"rendered":"<p>2020\/2 &#8211; EARTE Gradua\u00e7\u00e3o (Ci\u00eancia da Computa\u00e7\u00e3o) -&gt; Engenharia de Software 2020\/1 Gradua\u00e7\u00e3o (Ci\u00eancia da Computa\u00e7\u00e3o) -&gt; Engenharia de Requisitos de Software Gradua\u00e7\u00e3o (Ci\u00eancia da Computa\u00e7\u00e3o e Engenharia de Computa\u00e7\u00e3o) -&gt; T\u00f3picos Especiais em Programa\u00e7\u00e3o I Gradua\u00e7\u00e3o (Engenharia de Computa\u00e7\u00e3o) -&gt; Engenharia de Software 2019\/2 Gradua\u00e7\u00e3o (Ci\u00eancia da Computa\u00e7\u00e3o) -&gt; Projeto de Sistemas de Software &#8230; <a href=\"https:\/\/www.inf.ufes.br\/~jssalamon\/index.php\/ensino\/\" class=\"more-link text-uppercase small\"><strong>Continue Reading<\/strong> <i class=\"fa fa-angle-double-right\" aria-hidden=\"true\"><\/i><\/a><\/p>\n","protected":false},"author":1,"featured_media":0,"parent":0,"menu_order":0,"comment_status":"closed","ping_status":"closed","template":"","meta":[],"_links":{"self":[{"href":"https:\/\/www.inf.ufes.br\/~jssalamon\/index.php\/wp-json\/wp\/v2\/pages\/254"}],"collection":[{"href":"https:\/\/www.inf.ufes.br\/~jssalamon\/index.php\/wp-json\/wp\/v2\/pages"}],"about":[{"href":"https:\/\/www.inf.ufes.br\/~jssalamon\/index.php\/wp-json\/wp\/v2\/types\/page"}],"author":[{"embeddable":true,"href":"https:\/\/www.inf.ufes.br\/~jssalamon\/index.php\/wp-json\/wp\/v2\/users\/1"}],"replies":[{"embeddable":true,"href":"https:\/\/www.inf.ufes.br\/~jssalamon\/index.php\/wp-json\/wp\/v2\/comments?post=254"}],"version-history":[{"count":20,"href":"https:\/\/www.inf.ufes.br\/~jssalamon\/index.php\/wp-json\/wp\/v2\/pages\/254\/revisions"}],"predecessor-version":[{"id":33025,"href":"https:\/\/www.inf.ufes.br\/~jssalamon\/index.php\/wp-json\/wp\/v2\/pages\/254\/revisions\/33025"}],"wp:attachment":[{"href":"https:\/\/www.inf.ufes.br\/~jssalamon\/index.php\/wp-json\/wp\/v2\/media?parent=254"}],"curies":[{"name":"wp","href":"https:\/\/api.w.org\/{rel}","templated":true}]}}